{"id":128,"date":"2025-09-03T08:28:31","date_gmt":"2025-09-03T08:28:31","guid":{"rendered":"https:\/\/lereconnect.com\/?page_id=128"},"modified":"2025-12-11T13:59:36","modified_gmt":"2025-12-11T12:59:36","slug":"massage-lomi-lomi","status":"publish","type":"page","link":"https:\/\/lereconnect.com\/index.php\/massage-lomi-lomi\/","title":{"rendered":"Massage Personnalis\u00e9"},"content":{"rendered":"\t\t<div data-elementor-type=\"wp-page\" data-elementor-id=\"128\" class=\"elementor elementor-128\" data-elementor-post-type=\"page\">\n\t\t\t\t<div class=\"elementor-element elementor-element-74e0136c e-flex e-con-boxed e-con e-parent\" data-id=\"74e0136c\" data-element_type=\"container\" data-settings=\"{&quot;background_background&quot;:&quot;classic&quot;}\">\n\t\t\t\t\t<div class=\"e-con-inner\">\n\t\t\t\t<div class=\"elementor-element elementor-element-72c2faac elementor-widget elementor-widget-heading\" data-id=\"72c2faac\" data-element_type=\"widget\" data-widget_type=\"heading.default\">\n\t\t\t\t\t<h2 class=\"elementor-heading-title elementor-size-default\">Massage Personnalis\u00e9<\/h2>\t\t\t\t<\/div>\n\t\t\t\t\t<\/div>\n\t\t\t\t<\/div>\n\t\t<div class=\"elementor-element elementor-element-7938de3d e-flex e-con-boxed elementor-invisible e-con e-parent\" data-id=\"7938de3d\" data-element_type=\"container\" data-settings=\"{&quot;background_background&quot;:&quot;classic&quot;,&quot;animation&quot;:&quot;fadeIn&quot;}\">\n\t\t\t\t\t<div class=\"e-con-inner\">\n\t\t<div class=\"elementor-element elementor-element-2fdf4c3e e-con-full e-flex e-con e-child\" data-id=\"2fdf4c3e\" data-element_type=\"container\">\n\t\t<div class=\"elementor-element elementor-element-56d7741 e-con-full e-flex elementor-invisible e-con e-child\" data-id=\"56d7741\" data-element_type=\"container\" data-settings=\"{&quot;animation&quot;:&quot;fadeIn&quot;,&quot;animation_delay&quot;:100}\">\n\t\t\t\t<div class=\"elementor-element elementor-element-f615334 elementor-widget elementor-widget-heading\" data-id=\"f615334\" data-element_type=\"widget\" data-widget_type=\"heading.default\">\n\t\t\t\t\t<h2 class=\"elementor-heading-title elementor-size-default\">Le massage personnalis\u00e9, une fusion de techniques \u00e0 l'\u00e9coute de votre corps<\/h2>\t\t\t\t<\/div>\n\t\t\t\t<\/div>\n\t\t<div class=\"elementor-element elementor-element-44e9f5 e-con-full e-flex elementor-invisible e-con e-child\" data-id=\"44e9f5\" data-element_type=\"container\" data-settings=\"{&quot;animation&quot;:&quot;fadeIn&quot;,&quot;animation_delay&quot;:200}\">\n\t\t\t\t<div class=\"elementor-element elementor-element-49a55063 elementor-widget elementor-widget-text-editor\" data-id=\"49a55063\" data-element_type=\"widget\" data-widget_type=\"text-editor.default\">\n\t\t\t\t\t\t\t\t\t<div><div><div class=\"elementToProof\" role=\"presentation\">D\u00e9couvrez un massage personnalis\u00e9 et complet qui s&rsquo;adapte \u00e0 vous. Ce soin combine la douceur du massage californien, l&rsquo;\u00e9nergie cibl\u00e9e du shiatsu, les bienfaits de la r\u00e9flexologie et le r\u00e9\u00e9quilibrage d&rsquo;un soin \u00e9nerg\u00e9tique.<\/div><div role=\"presentation\">\u00a0<\/div><div class=\"elementToProof\" role=\"presentation\">Une approche personnalis\u00e9e pour une d\u00e9tente en profondeur et une harmonie retrouv\u00e9e.<\/div><\/div><\/div>\t\t\t\t\t\t\t\t<\/div>\n\t\t\t\t<\/div>\n\t\t\t\t<\/div>\n\t\t\t\t\t<\/div>\n\t\t\t\t<\/div>\n\t\t<div class=\"elementor-element elementor-element-62ed98e0 e-flex e-con-boxed e-con e-parent\" data-id=\"62ed98e0\" data-element_type=\"container\" data-settings=\"{&quot;background_background&quot;:&quot;classic&quot;}\">\n\t\t\t\t\t<div class=\"e-con-inner\">\n\t\t<div class=\"elementor-element elementor-element-301fe625 e-con-full e-flex elementor-invisible e-con e-child\" data-id=\"301fe625\" data-element_type=\"container\" data-settings=\"{&quot;background_background&quot;:&quot;classic&quot;,&quot;animation&quot;:&quot;fadeIn&quot;}\">\n\t\t<div class=\"elementor-element elementor-element-3d42a74 e-con-full e-flex e-con e-child\" data-id=\"3d42a74\" data-element_type=\"container\">\n\t\t\t\t<div class=\"elementor-element elementor-element-37040bae elementor-widget__width-initial elementor-widget elementor-widget-heading\" data-id=\"37040bae\" data-element_type=\"widget\" data-widget_type=\"heading.default\">\n\t\t\t\t\t<h2 class=\"elementor-heading-title elementor-size-default\">Les bienfaits des soins<\/h2>\t\t\t\t<\/div>\n\t\t\t\t<div class=\"elementor-element elementor-element-26fb0acf elementor-widget elementor-widget-spacer\" data-id=\"26fb0acf\" data-element_type=\"widget\" data-widget_type=\"spacer.default\">\n\t\t\t\t\t\t\t<div class=\"elementor-spacer\">\n\t\t\t<div class=\"elementor-spacer-inner\"><\/div>\n\t\t<\/div>\n\t\t\t\t\t\t<\/div>\n\t\t\t\t<\/div>\n\t\t<div class=\"elementor-element elementor-element-1f2c8652 e-con-full e-flex e-con e-child\" data-id=\"1f2c8652\" data-element_type=\"container\">\n\t\t<div class=\"elementor-element elementor-element-6cb0d5cc e-con-full e-flex e-con e-child\" data-id=\"6cb0d5cc\" data-element_type=\"container\">\n\t\t\t\t<div class=\"elementor-element elementor-element-5da3c301 elementor-invisible elementor-widget elementor-widget-image-box\" data-id=\"5da3c301\" data-element_type=\"widget\" data-settings=\"{&quot;_animation&quot;:&quot;fadeIn&quot;}\" data-widget_type=\"image-box.default\">\n\t\t\t\t\t<div class=\"elementor-image-box-wrapper\"><div class=\"elementor-image-box-content\"><h3 class=\"elementor-image-box-title\">Relaxation profonde et personnalis\u00e9e<\/h3><p class=\"elementor-image-box-description\">\n<\/p><\/div><\/div>\t\t\t\t<\/div>\n\t\t\t\t<\/div>\n\t\t<div class=\"elementor-element elementor-element-a7f5eed e-con-full e-flex e-con e-child\" data-id=\"a7f5eed\" data-element_type=\"container\">\n\t\t\t\t<div class=\"elementor-element elementor-element-2bd3f3b elementor-invisible elementor-widget elementor-widget-image-box\" data-id=\"2bd3f3b\" data-element_type=\"widget\" data-settings=\"{&quot;_animation&quot;:&quot;fadeIn&quot;}\" data-widget_type=\"image-box.default\">\n\t\t\t\t\t<div class=\"elementor-image-box-wrapper\"><div class=\"elementor-image-box-content\"><h3 class=\"elementor-image-box-title\">Lib\u00e9ration des tensions<\/h3><p class=\"elementor-image-box-description\">\n<\/p><\/div><\/div>\t\t\t\t<\/div>\n\t\t\t\t<\/div>\n\t\t\t\t<\/div>\n\t\t<div class=\"elementor-element elementor-element-5a913158 e-con-full e-flex e-con e-child\" data-id=\"5a913158\" data-element_type=\"container\">\n\t\t<div class=\"elementor-element elementor-element-24af093 e-con-full e-flex e-con e-child\" data-id=\"24af093\" data-element_type=\"container\">\n\t\t\t\t<div class=\"elementor-element elementor-element-76f3c345 elementor-invisible elementor-widget elementor-widget-image-box\" data-id=\"76f3c345\" data-element_type=\"widget\" data-settings=\"{&quot;_animation&quot;:&quot;fadeIn&quot;}\" data-widget_type=\"image-box.default\">\n\t\t\t\t\t<div class=\"elementor-image-box-wrapper\"><div class=\"elementor-image-box-content\"><h3 class=\"elementor-image-box-title\">Reconnexion \u00e0 soi<\/h3><\/div><\/div>\t\t\t\t<\/div>\n\t\t\t\t<\/div>\n\t\t<div class=\"elementor-element elementor-element-7988b501 e-con-full e-flex e-con e-child\" data-id=\"7988b501\" data-element_type=\"container\">\n\t\t\t\t<div class=\"elementor-element elementor-element-5c76c73 elementor-invisible elementor-widget elementor-widget-image-box\" data-id=\"5c76c73\" data-element_type=\"widget\" data-settings=\"{&quot;_animation&quot;:&quot;fadeIn&quot;,&quot;_animation_delay&quot;:200}\" data-widget_type=\"image-box.default\">\n\t\t\t\t\t<div class=\"elementor-image-box-wrapper\"><div class=\"elementor-image-box-content\"><h3 class=\"elementor-image-box-title\">Harmonisation des \u00e9nergies<\/h3><\/div><\/div>\t\t\t\t<\/div>\n\t\t\t\t<\/div>\n\t\t\t\t<\/div>\n\t\t\t\t<\/div>\n\t\t<div class=\"elementor-element elementor-element-2088449 e-con-full e-flex elementor-invisible e-con e-child\" data-id=\"2088449\" data-element_type=\"container\" data-settings=\"{&quot;animation&quot;:&quot;fadeIn&quot;,&quot;animation_delay&quot;:200}\">\n\t\t\t\t<div class=\"elementor-element elementor-element-194f08b elementor-widget elementor-widget-text-editor\" data-id=\"194f08b\" data-element_type=\"widget\" data-widget_type=\"text-editor.default\">\n\t\t\t\t\t\t\t\t\t<p class=\"zfr3Q CDt4Ke \" dir=\"ltr\"><span class=\"C9DxTc \">Contre-indications<\/span><span class=\"C9DxTc \">:<\/span><\/p><p class=\"zfr3Q CDt4Ke \" dir=\"ltr\"><span class=\"C9DxTc \">Varices apparentes, Hypertension, phl\u00e9bite, d\u00e9but de grossesse<\/span><\/p>\t\t\t\t\t\t\t\t<\/div>\n\t\t\t\t<\/div>\n\t\t\t\t\t<\/div>\n\t\t\t\t<\/div>\n\t\t<div class=\"elementor-element elementor-element-df2ad50 e-flex e-con-boxed elementor-invisible e-con e-parent\" data-id=\"df2ad50\" data-element_type=\"container\" data-settings=\"{&quot;background_background&quot;:&quot;classic&quot;,&quot;animation&quot;:&quot;fadeIn&quot;}\">\n\t\t\t\t\t<div class=\"e-con-inner\">\n\t\t<div class=\"elementor-element elementor-element-5880f72 e-con-full e-flex e-con e-child\" data-id=\"5880f72\" data-element_type=\"container\">\n\t\t<div class=\"elementor-element elementor-element-59d681b e-con-full e-flex elementor-invisible e-con e-child\" data-id=\"59d681b\" data-element_type=\"container\" data-settings=\"{&quot;animation&quot;:&quot;fadeIn&quot;,&quot;animation_delay&quot;:100}\">\n\t\t\t\t<div class=\"elementor-element elementor-element-b8fc6cb elementor-widget elementor-widget-heading\" data-id=\"b8fc6cb\" data-element_type=\"widget\" data-widget_type=\"heading.default\">\n\t\t\t\t\t<h2 class=\"elementor-heading-title elementor-size-default\">Nos tarifs<\/h2>\t\t\t\t<\/div>\n\t\t\t\t<\/div>\n\t\t<div class=\"elementor-element elementor-element-ba54c17 e-con-full e-flex elementor-invisible e-con e-child\" data-id=\"ba54c17\" data-element_type=\"container\" data-settings=\"{&quot;animation&quot;:&quot;fadeIn&quot;,&quot;animation_delay&quot;:200}\">\n\t\t\t\t<div class=\"elementor-element elementor-element-de962bb elementor-widget elementor-widget-text-editor\" data-id=\"de962bb\" data-element_type=\"widget\" data-widget_type=\"text-editor.default\">\n\t\t\t\t\t\t\t\t\t<div class=\"CjVfdc\"><div class=\"CjVfdc\">Massage Personnalis\u00e9<\/div><\/div>\t\t\t\t\t\t\t\t<\/div>\n\t\t\t\t<\/div>\n\t\t\t\t<\/div>\n\t\t<div class=\"elementor-element elementor-element-e88b08e e-con-full e-flex elementor-invisible e-con e-child\" data-id=\"e88b08e\" data-element_type=\"container\" data-settings=\"{&quot;background_background&quot;:&quot;classic&quot;,&quot;animation&quot;:&quot;fadeIn&quot;}\">\n\t\t<div class=\"elementor-element elementor-element-4e9dad9 e-con-full e-flex elementor-invisible e-con e-child\" data-id=\"4e9dad9\" data-element_type=\"container\" data-settings=\"{&quot;background_background&quot;:&quot;classic&quot;,&quot;animation&quot;:&quot;fadeIn&quot;,&quot;animation_delay&quot;:100}\">\n\t\t\t\t<div class=\"elementor-element elementor-element-0a0d555 elementor-widget elementor-widget-heading\" data-id=\"0a0d555\" data-element_type=\"widget\" data-widget_type=\"heading.default\">\n\t\t\t\t\t<h2 class=\"elementor-heading-title elementor-size-default\">1 h<\/h2>\t\t\t\t<\/div>\n\t\t\t\t<div class=\"elementor-element elementor-element-1b1462b elementor-widget-divider--view-line elementor-widget elementor-widget-divider\" data-id=\"1b1462b\" data-element_type=\"widget\" data-widget_type=\"divider.default\">\n\t\t\t\t\t\t\t<div class=\"elementor-divider\">\n\t\t\t<span class=\"elementor-divider-separator\">\n\t\t\t\t\t\t<\/span>\n\t\t<\/div>\n\t\t\t\t\t\t<\/div>\n\t\t<div class=\"elementor-element elementor-element-a650f36 e-con-full e-flex e-con e-child\" data-id=\"a650f36\" data-element_type=\"container\">\n\t\t\t\t<div class=\"elementor-element elementor-element-732ab39 elementor-widget elementor-widget-text-editor\" data-id=\"732ab39\" data-element_type=\"widget\" data-widget_type=\"text-editor.default\">\n\t\t\t\t\t\t\t\t\t<div class=\"CjVfdc CJIdie\"><div class=\"CjVfdc CJIdie\"><span class=\"C9DxTc \">80<\/span><span class=\"C9DxTc \">\u20ac <\/span>\/session\u00a0<\/div><\/div>\t\t\t\t\t\t\t\t<\/div>\n\t\t\t\t<div class=\"elementor-element elementor-element-d5c2580 elementor-widget elementor-widget-button\" data-id=\"d5c2580\" data-element_type=\"widget\" data-widget_type=\"button.default\">\n\t\t\t\t\t\t\t\t\t\t<a class=\"elementor-button elementor-button-link elementor-size-sm\" href=\"https:\/\/lereconnect.com\/index.php\/reservation\/\">\n\t\t\t\t\t\t<span class=\"elementor-button-content-wrapper\">\n\t\t\t\t\t\t\t\t\t<span class=\"elementor-button-text\">Prendre RDV<\/span>\n\t\t\t\t\t<\/span>\n\t\t\t\t\t<\/a>\n\t\t\t\t\t\t\t\t<\/div>\n\t\t\t\t<\/div>\n\t\t\t\t<\/div>\n\t\t\t\t<\/div>\n\t\t\t\t<div class=\"elementor-element elementor-element-8ed4000 elementor-widget elementor-widget-heading\" data-id=\"8ed4000\" data-element_type=\"widget\" data-widget_type=\"heading.default\">\n\t\t\t\t\t<h2 class=\"elementor-heading-title elementor-size-default\">D\u00e9tail de l'offre : massage aux huiles chaudes<\/h2>\t\t\t\t<\/div>\n\t\t\t\t\t<\/div>\n\t\t\t\t<\/div>\n\t\t<div class=\"elementor-element elementor-element-264479be e-flex e-con-boxed elementor-invisible e-con e-parent\" data-id=\"264479be\" data-element_type=\"container\" data-settings=\"{&quot;background_background&quot;:&quot;classic&quot;,&quot;animation&quot;:&quot;fadeIn&quot;}\">\n\t\t\t\t\t<div class=\"e-con-inner\">\n\t\t<div class=\"elementor-element elementor-element-31f77c1c e-con-full e-flex e-con e-child\" data-id=\"31f77c1c\" data-element_type=\"container\" data-settings=\"{&quot;background_background&quot;:&quot;classic&quot;}\">\n\t\t<div class=\"elementor-element elementor-element-f879a7d e-con-full e-flex elementor-invisible e-con e-child\" data-id=\"f879a7d\" data-element_type=\"container\" data-settings=\"{&quot;background_background&quot;:&quot;classic&quot;,&quot;animation&quot;:&quot;fadeIn&quot;,&quot;animation_delay&quot;:100}\">\n\t\t\t\t<div class=\"elementor-element elementor-element-37a9238b elementor-widget elementor-widget-heading\" data-id=\"37a9238b\" data-element_type=\"widget\" data-widget_type=\"heading.default\">\n\t\t\t\t\t<h2 class=\"elementor-heading-title elementor-size-default\">Contactez-nous<\/h2>\t\t\t\t<\/div>\n\t\t\t\t<div class=\"elementor-element elementor-element-7a9c9152 elementor-widget elementor-widget-text-editor\" data-id=\"7a9c9152\" data-element_type=\"widget\" data-widget_type=\"text-editor.default\">\n\t\t\t\t\t\t\t\t\t<p>Vous souhaitez am\u00e9liorer votre politique QVT, r\u00e9duire l\u2019absent\u00e9isme et pr\u00e9venir les burn-out, tout en valorisant vos collaborateurs ?<\/p>\t\t\t\t\t\t\t\t<\/div>\n\t\t\t\t<\/div>\n\t\t<div class=\"elementor-element elementor-element-2add0446 e-con-full e-flex e-con e-child\" data-id=\"2add0446\" data-element_type=\"container\" data-settings=\"{&quot;background_background&quot;:&quot;classic&quot;}\">\n\t\t<div class=\"elementor-element elementor-element-2ddf6d0b e-con-full e-flex elementor-invisible e-con e-child\" data-id=\"2ddf6d0b\" data-element_type=\"container\" data-settings=\"{&quot;background_background&quot;:&quot;classic&quot;,&quot;animation&quot;:&quot;fadeIn&quot;,&quot;animation_delay&quot;:300}\">\n\t\t\t\t<div class=\"elementor-element elementor-element-593e8bef elementor-icon-list--layout-traditional elementor-list-item-link-full_width elementor-widget elementor-widget-icon-list\" data-id=\"593e8bef\" data-element_type=\"widget\" data-widget_type=\"icon-list.default\">\n\t\t\t\t\t\t\t<ul class=\"elementor-icon-list-items\">\n\t\t\t\t\t\t\t<li class=\"elementor-icon-list-item\">\n\t\t\t\t\t\t\t\t\t\t\t<span class=\"elementor-icon-list-icon\">\n\t\t\t\t\t\t\t<i aria-hidden=\"true\" class=\"icon icon-map-marker1\"><\/i>\t\t\t\t\t\t<\/span>\n\t\t\t\t\t\t\t\t\t\t<span class=\"elementor-icon-list-text\">238 rue Ensouleiado 13120 Gardanne<\/span>\n\t\t\t\t\t\t\t\t\t<\/li>\n\t\t\t\t\t\t\t\t<li class=\"elementor-icon-list-item\">\n\t\t\t\t\t\t\t\t\t\t\t<span class=\"elementor-icon-list-icon\">\n\t\t\t\t\t\t\t<i aria-hidden=\"true\" class=\"icon icon-phone-call1\"><\/i>\t\t\t\t\t\t<\/span>\n\t\t\t\t\t\t\t\t\t\t<span class=\"elementor-icon-list-text\">06 16 66 88 99<\/span>\n\t\t\t\t\t\t\t\t\t<\/li>\n\t\t\t\t\t\t\t\t<li class=\"elementor-icon-list-item\">\n\t\t\t\t\t\t\t\t\t\t\t<span class=\"elementor-icon-list-icon\">\n\t\t\t\t\t\t\t<i aria-hidden=\"true\" class=\"icon icon-phone-call1\"><\/i>\t\t\t\t\t\t<\/span>\n\t\t\t\t\t\t\t\t\t\t<span class=\"elementor-icon-list-text\">06 63 32 00 24<\/span>\n\t\t\t\t\t\t\t\t\t<\/li>\n\t\t\t\t\t\t\t\t<li class=\"elementor-icon-list-item\">\n\t\t\t\t\t\t\t\t\t\t\t<span class=\"elementor-icon-list-icon\">\n\t\t\t\t\t\t\t<i aria-hidden=\"true\" class=\"icon icon-envelope2\"><\/i>\t\t\t\t\t\t<\/span>\n\t\t\t\t\t\t\t\t\t\t<span class=\"elementor-icon-list-text\">lereconnect@gmail.com<\/span>\n\t\t\t\t\t\t\t\t\t<\/li>\n\t\t\t\t\t\t<\/ul>\n\t\t\t\t\t\t<\/div>\n\t\t\t\t<\/div>\n\t\t\t\t<\/div>\n\t\t\t\t<\/div>\n\t\t\t\t\t<\/div>\n\t\t\t\t<\/div>\n\t\t\t\t<\/div>\n\t\t","protected":false},"excerpt":{"rendered":"<p>Massage Personnalis\u00e9 Le massage personnalis\u00e9, une fusion de techniques \u00e0 l&rsquo;\u00e9coute de votre corps D\u00e9couvrez un massage personnalis\u00e9 et complet qui s&rsquo;adapte \u00e0 vous. Ce soin combine la douceur du massage californien, l&rsquo;\u00e9nergie cibl\u00e9e du shiatsu, les bienfaits de la r\u00e9flexologie et le r\u00e9\u00e9quilibrage d&rsquo;un soin \u00e9nerg\u00e9tique.\u00a0Une approche personnalis\u00e9e pour une d\u00e9tente en profondeur et [&hellip;]<\/p>\n","protected":false},"author":2,"featured_media":0,"parent":0,"menu_order":0,"comment_status":"closed","ping_status":"closed","template":"elementor_header_footer","meta":{"footnotes":""},"class_list":["post-128","page","type-page","status-publish","hentry"],"yoast_head":"<!-- This site is optimized with the Yoast SEO plugin v26.7 - https:\/\/yoast.com\/wordpress\/plugins\/seo\/ -->\n<title>Massage Personnalis\u00e9 - Le Reconnect - Votre espace soin et sant\u00e9 sur Gardanne<\/title>\n<meta name=\"description\" content=\"D\u00e9couvrez le massage Lomi-Lomi : une relaxation hawa\u00efenne aux mouvements enveloppants qui vous aide \u00e0 rel\u00e2cher les tensions, apaiser le stress et harmoniser votre \u00e9nergie.\" \/>\n<meta name=\"robots\" content=\"index, follow, max-snippet:-1, max-image-preview:large, max-video-preview:-1\" \/>\n<link rel=\"canonical\" href=\"https:\/\/lereconnect.com\/index.php\/massage-lomi-lomi\/\" \/>\n<meta property=\"og:locale\" content=\"fr_FR\" \/>\n<meta property=\"og:type\" content=\"article\" \/>\n<meta property=\"og:title\" content=\"Massage Personnalis\u00e9 - Le Reconnect - Votre espace soin et sant\u00e9 sur Gardanne\" \/>\n<meta property=\"og:description\" content=\"D\u00e9couvrez le massage Lomi-Lomi : une relaxation hawa\u00efenne aux mouvements enveloppants qui vous aide \u00e0 rel\u00e2cher les tensions, apaiser le stress et harmoniser votre \u00e9nergie.\" \/>\n<meta property=\"og:url\" content=\"https:\/\/lereconnect.com\/index.php\/massage-lomi-lomi\/\" \/>\n<meta property=\"og:site_name\" content=\"Le Reconnect - Votre espace soin et sant\u00e9 sur Gardanne\" \/>\n<meta property=\"article:modified_time\" content=\"2025-12-11T12:59:36+00:00\" \/>\n<meta name=\"twitter:card\" content=\"summary_large_image\" \/>\n<meta name=\"twitter:label1\" content=\"Dur\u00e9e de lecture estim\u00e9e\" \/>\n\t<meta name=\"twitter:data1\" content=\"1 minute\" \/>\n<script type=\"application\/ld+json\" class=\"yoast-schema-graph\">{\"@context\":\"https:\/\/schema.org\",\"@graph\":[{\"@type\":\"WebPage\",\"@id\":\"https:\/\/lereconnect.com\/index.php\/massage-lomi-lomi\/\",\"url\":\"https:\/\/lereconnect.com\/index.php\/massage-lomi-lomi\/\",\"name\":\"Massage Personnalis\u00e9 - Le Reconnect - Votre espace soin et sant\u00e9 sur Gardanne\",\"isPartOf\":{\"@id\":\"https:\/\/lereconnect.com\/#website\"},\"datePublished\":\"2025-09-03T08:28:31+00:00\",\"dateModified\":\"2025-12-11T12:59:36+00:00\",\"description\":\"D\u00e9couvrez le massage Lomi-Lomi : une relaxation hawa\u00efenne aux mouvements enveloppants qui vous aide \u00e0 rel\u00e2cher les tensions, apaiser le stress et harmoniser votre \u00e9nergie.\",\"breadcrumb\":{\"@id\":\"https:\/\/lereconnect.com\/index.php\/massage-lomi-lomi\/#breadcrumb\"},\"inLanguage\":\"fr-FR\",\"potentialAction\":[{\"@type\":\"ReadAction\",\"target\":[\"https:\/\/lereconnect.com\/index.php\/massage-lomi-lomi\/\"]}]},{\"@type\":\"BreadcrumbList\",\"@id\":\"https:\/\/lereconnect.com\/index.php\/massage-lomi-lomi\/#breadcrumb\",\"itemListElement\":[{\"@type\":\"ListItem\",\"position\":1,\"name\":\"Accueil\",\"item\":\"https:\/\/lereconnect.com\/\"},{\"@type\":\"ListItem\",\"position\":2,\"name\":\"Massage Personnalis\u00e9\"}]},{\"@type\":\"WebSite\",\"@id\":\"https:\/\/lereconnect.com\/#website\",\"url\":\"https:\/\/lereconnect.com\/\",\"name\":\"Le Reconnect - Espace bien \u00eatre et sant\u00e9 \u00e0 Gardannes\",\"description\":\"Centre sant\u00e9 et bien \u00eatre en entreprise\",\"publisher\":{\"@id\":\"https:\/\/lereconnect.com\/#organization\"},\"potentialAction\":[{\"@type\":\"SearchAction\",\"target\":{\"@type\":\"EntryPoint\",\"urlTemplate\":\"https:\/\/lereconnect.com\/?s={search_term_string}\"},\"query-input\":{\"@type\":\"PropertyValueSpecification\",\"valueRequired\":true,\"valueName\":\"search_term_string\"}}],\"inLanguage\":\"fr-FR\"},{\"@type\":\"Organization\",\"@id\":\"https:\/\/lereconnect.com\/#organization\",\"name\":\"Le reconnect\",\"url\":\"https:\/\/lereconnect.com\/\",\"logo\":{\"@type\":\"ImageObject\",\"inLanguage\":\"fr-FR\",\"@id\":\"https:\/\/lereconnect.com\/#\/schema\/logo\/image\/\",\"url\":\"https:\/\/lereconnect.com\/wp-content\/uploads\/2025\/09\/lereconnect.png\",\"contentUrl\":\"https:\/\/lereconnect.com\/wp-content\/uploads\/2025\/09\/lereconnect.png\",\"width\":360,\"height\":150,\"caption\":\"Le reconnect\"},\"image\":{\"@id\":\"https:\/\/lereconnect.com\/#\/schema\/logo\/image\/\"}}]}<\/script>\n<!-- \/ Yoast SEO plugin. -->","yoast_head_json":{"title":"Massage Personnalis\u00e9 - Le Reconnect - Votre espace soin et sant\u00e9 sur Gardanne","description":"D\u00e9couvrez le massage Lomi-Lomi : une relaxation hawa\u00efenne aux mouvements enveloppants qui vous aide \u00e0 rel\u00e2cher les tensions, apaiser le stress et harmoniser votre \u00e9nergie.","robots":{"index":"index","follow":"follow","max-snippet":"max-snippet:-1","max-image-preview":"max-image-preview:large","max-video-preview":"max-video-preview:-1"},"canonical":"https:\/\/lereconnect.com\/index.php\/massage-lomi-lomi\/","og_locale":"fr_FR","og_type":"article","og_title":"Massage Personnalis\u00e9 - Le Reconnect - Votre espace soin et sant\u00e9 sur Gardanne","og_description":"D\u00e9couvrez le massage Lomi-Lomi : une relaxation hawa\u00efenne aux mouvements enveloppants qui vous aide \u00e0 rel\u00e2cher les tensions, apaiser le stress et harmoniser votre \u00e9nergie.","og_url":"https:\/\/lereconnect.com\/index.php\/massage-lomi-lomi\/","og_site_name":"Le Reconnect - Votre espace soin et sant\u00e9 sur Gardanne","article_modified_time":"2025-12-11T12:59:36+00:00","twitter_card":"summary_large_image","twitter_misc":{"Dur\u00e9e de lecture estim\u00e9e":"1 minute"},"schema":{"@context":"https:\/\/schema.org","@graph":[{"@type":"WebPage","@id":"https:\/\/lereconnect.com\/index.php\/massage-lomi-lomi\/","url":"https:\/\/lereconnect.com\/index.php\/massage-lomi-lomi\/","name":"Massage Personnalis\u00e9 - Le Reconnect - Votre espace soin et sant\u00e9 sur Gardanne","isPartOf":{"@id":"https:\/\/lereconnect.com\/#website"},"datePublished":"2025-09-03T08:28:31+00:00","dateModified":"2025-12-11T12:59:36+00:00","description":"D\u00e9couvrez le massage Lomi-Lomi : une relaxation hawa\u00efenne aux mouvements enveloppants qui vous aide \u00e0 rel\u00e2cher les tensions, apaiser le stress et harmoniser votre \u00e9nergie.","breadcrumb":{"@id":"https:\/\/lereconnect.com\/index.php\/massage-lomi-lomi\/#breadcrumb"},"inLanguage":"fr-FR","potentialAction":[{"@type":"ReadAction","target":["https:\/\/lereconnect.com\/index.php\/massage-lomi-lomi\/"]}]},{"@type":"BreadcrumbList","@id":"https:\/\/lereconnect.com\/index.php\/massage-lomi-lomi\/#breadcrumb","itemListElement":[{"@type":"ListItem","position":1,"name":"Accueil","item":"https:\/\/lereconnect.com\/"},{"@type":"ListItem","position":2,"name":"Massage Personnalis\u00e9"}]},{"@type":"WebSite","@id":"https:\/\/lereconnect.com\/#website","url":"https:\/\/lereconnect.com\/","name":"Le Reconnect - Espace bien \u00eatre et sant\u00e9 \u00e0 Gardannes","description":"Centre sant\u00e9 et bien \u00eatre en entreprise","publisher":{"@id":"https:\/\/lereconnect.com\/#organization"},"potentialAction":[{"@type":"SearchAction","target":{"@type":"EntryPoint","urlTemplate":"https:\/\/lereconnect.com\/?s={search_term_string}"},"query-input":{"@type":"PropertyValueSpecification","valueRequired":true,"valueName":"search_term_string"}}],"inLanguage":"fr-FR"},{"@type":"Organization","@id":"https:\/\/lereconnect.com\/#organization","name":"Le reconnect","url":"https:\/\/lereconnect.com\/","logo":{"@type":"ImageObject","inLanguage":"fr-FR","@id":"https:\/\/lereconnect.com\/#\/schema\/logo\/image\/","url":"https:\/\/lereconnect.com\/wp-content\/uploads\/2025\/09\/lereconnect.png","contentUrl":"https:\/\/lereconnect.com\/wp-content\/uploads\/2025\/09\/lereconnect.png","width":360,"height":150,"caption":"Le reconnect"},"image":{"@id":"https:\/\/lereconnect.com\/#\/schema\/logo\/image\/"}}]}},"_links":{"self":[{"href":"https:\/\/lereconnect.com\/index.php\/wp-json\/wp\/v2\/pages\/128","targetHints":{"allow":["GET"]}}],"collection":[{"href":"https:\/\/lereconnect.com\/index.php\/wp-json\/wp\/v2\/pages"}],"about":[{"href":"https:\/\/lereconnect.com\/index.php\/wp-json\/wp\/v2\/types\/page"}],"author":[{"embeddable":true,"href":"https:\/\/lereconnect.com\/index.php\/wp-json\/wp\/v2\/users\/2"}],"replies":[{"embeddable":true,"href":"https:\/\/lereconnect.com\/index.php\/wp-json\/wp\/v2\/comments?post=128"}],"version-history":[{"count":34,"href":"https:\/\/lereconnect.com\/index.php\/wp-json\/wp\/v2\/pages\/128\/revisions"}],"predecessor-version":[{"id":653,"href":"https:\/\/lereconnect.com\/index.php\/wp-json\/wp\/v2\/pages\/128\/revisions\/653"}],"wp:attachment":[{"href":"https:\/\/lereconnect.com\/index.php\/wp-json\/wp\/v2\/media?parent=128"}],"curies":[{"name":"wp","href":"https:\/\/api.w.org\/{rel}","templated":true}]}}