{"id":163,"date":"2025-09-03T09:06:41","date_gmt":"2025-09-03T09:06:41","guid":{"rendered":"https:\/\/lereconnect.com\/?page_id=163"},"modified":"2025-12-11T12:34:05","modified_gmt":"2025-12-11T11:34:05","slug":"soins-energetiques-aux-animaux","status":"publish","type":"page","link":"https:\/\/lereconnect.com\/index.php\/soins-energetiques-aux-animaux\/","title":{"rendered":"Soins \u00e9nerg\u00e9tiques aux animaux"},"content":{"rendered":"\t\t<div data-elementor-type=\"wp-page\" data-elementor-id=\"163\" class=\"elementor elementor-163\" data-elementor-post-type=\"page\">\n\t\t\t\t<div class=\"elementor-element elementor-element-74e0136c e-flex e-con-boxed e-con e-parent\" data-id=\"74e0136c\" data-element_type=\"container\" data-settings=\"{&quot;background_background&quot;:&quot;classic&quot;}\">\n\t\t\t\t\t<div class=\"e-con-inner\">\n\t\t\t\t<div class=\"elementor-element elementor-element-72c2faac elementor-widget elementor-widget-heading\" data-id=\"72c2faac\" data-element_type=\"widget\" data-widget_type=\"heading.default\">\n\t\t\t\t\t<h2 class=\"elementor-heading-title elementor-size-default\">\t\nSoins \u00e9nerg\u00e9tiques aux animaux<\/h2>\t\t\t\t<\/div>\n\t\t\t\t\t<\/div>\n\t\t\t\t<\/div>\n\t\t<div class=\"elementor-element elementor-element-7938de3d e-flex e-con-boxed elementor-invisible e-con e-parent\" data-id=\"7938de3d\" data-element_type=\"container\" data-settings=\"{&quot;background_background&quot;:&quot;classic&quot;,&quot;animation&quot;:&quot;fadeIn&quot;}\">\n\t\t\t\t\t<div class=\"e-con-inner\">\n\t\t<div class=\"elementor-element elementor-element-2fdf4c3e e-con-full e-flex e-con e-child\" data-id=\"2fdf4c3e\" data-element_type=\"container\">\n\t\t<div class=\"elementor-element elementor-element-56d7741 e-con-full e-flex elementor-invisible e-con e-child\" data-id=\"56d7741\" data-element_type=\"container\" data-settings=\"{&quot;animation&quot;:&quot;fadeIn&quot;,&quot;animation_delay&quot;:100}\">\n\t\t\t\t<div class=\"elementor-element elementor-element-f615334 elementor-widget elementor-widget-heading\" data-id=\"f615334\" data-element_type=\"widget\" data-widget_type=\"heading.default\">\n\t\t\t\t\t<h2 class=\"elementor-heading-title elementor-size-default\">M\u00e9thode Soins \u00e9nerg\u00e9tiques aux animaux<\/h2>\t\t\t\t<\/div>\n\t\t\t\t<\/div>\n\t\t<div class=\"elementor-element elementor-element-44e9f5 e-con-full e-flex elementor-invisible e-con e-child\" data-id=\"44e9f5\" data-element_type=\"container\" data-settings=\"{&quot;animation&quot;:&quot;fadeIn&quot;,&quot;animation_delay&quot;:200}\">\n\t\t\t\t<div class=\"elementor-element elementor-element-49a55063 elementor-widget elementor-widget-text-editor\" data-id=\"49a55063\" data-element_type=\"widget\" data-widget_type=\"text-editor.default\">\n\t\t\t\t\t\t\t\t\t<p class=\"zfr3Q CDt4Ke \" dir=\"ltr\"><span class=\"C9DxTc \">Ils ne le disent pas, mais ils souffrent aussi<\/span><\/p><p class=\"zfr3Q CDt4Ke \" dir=\"ltr\"><span class=\"C9DxTc \">Nos petits (et grands) compagnons peuvent, eux aussi, \u00eatre affect\u00e9s par des blessures physiques, des traumatismes, des peurs, des maladies et autres maux.<\/span><\/p><p class=\"zfr3Q CDt4Ke \" dir=\"ltr\"><span class=\"C9DxTc \">Le Reconnect s&rsquo;occupe aussi de vos animaux gr\u00e2ce \u00e0 l&rsquo;utilisation de l&rsquo;\u00e9nergie universelle. Nous pouvons apporter soulagement, bien-\u00eatre et r\u00e9confort \u00e0 votre meilleur ami poilu (ou \u00e0 plumes)<\/span><\/p>\t\t\t\t\t\t\t\t<\/div>\n\t\t\t\t<\/div>\n\t\t\t\t<\/div>\n\t\t\t\t\t<\/div>\n\t\t\t\t<\/div>\n\t\t<div class=\"elementor-element elementor-element-df2ad50 e-flex e-con-boxed elementor-invisible e-con e-parent\" data-id=\"df2ad50\" data-element_type=\"container\" data-settings=\"{&quot;background_background&quot;:&quot;classic&quot;,&quot;animation&quot;:&quot;fadeIn&quot;}\">\n\t\t\t\t\t<div class=\"e-con-inner\">\n\t\t<div class=\"elementor-element elementor-element-5880f72 e-con-full e-flex e-con e-child\" data-id=\"5880f72\" data-element_type=\"container\">\n\t\t<div class=\"elementor-element elementor-element-59d681b e-con-full e-flex elementor-invisible e-con e-child\" data-id=\"59d681b\" data-element_type=\"container\" data-settings=\"{&quot;animation&quot;:&quot;fadeIn&quot;,&quot;animation_delay&quot;:100}\">\n\t\t\t\t<div class=\"elementor-element elementor-element-b8fc6cb elementor-widget elementor-widget-heading\" data-id=\"b8fc6cb\" data-element_type=\"widget\" data-widget_type=\"heading.default\">\n\t\t\t\t\t<h2 class=\"elementor-heading-title elementor-size-default\">Nos tarifs<\/h2>\t\t\t\t<\/div>\n\t\t\t\t<\/div>\n\t\t<div class=\"elementor-element elementor-element-ba54c17 e-con-full e-flex elementor-invisible e-con e-child\" data-id=\"ba54c17\" data-element_type=\"container\" data-settings=\"{&quot;animation&quot;:&quot;fadeIn&quot;,&quot;animation_delay&quot;:200}\">\n\t\t\t\t<div class=\"elementor-element elementor-element-de962bb elementor-widget elementor-widget-text-editor\" data-id=\"de962bb\" data-element_type=\"widget\" data-widget_type=\"text-editor.default\">\n\t\t\t\t\t\t\t\t\t<div class=\"CjVfdc\"><span class=\"C9DxTc \">Soins \u00e9nerg\u00e9tiques aux animaux<\/span><\/div>\t\t\t\t\t\t\t\t<\/div>\n\t\t\t\t<\/div>\n\t\t\t\t<\/div>\n\t\t<div class=\"elementor-element elementor-element-e88b08e e-con-full e-flex elementor-invisible e-con e-child\" data-id=\"e88b08e\" data-element_type=\"container\" data-settings=\"{&quot;background_background&quot;:&quot;classic&quot;,&quot;animation&quot;:&quot;fadeIn&quot;}\">\n\t\t<div class=\"elementor-element elementor-element-4e9dad9 e-con-full e-flex elementor-invisible e-con e-child\" data-id=\"4e9dad9\" data-element_type=\"container\" data-settings=\"{&quot;background_background&quot;:&quot;classic&quot;,&quot;animation&quot;:&quot;fadeIn&quot;,&quot;animation_delay&quot;:100}\">\n\t\t\t\t<div class=\"elementor-element elementor-element-0a0d555 elementor-widget elementor-widget-heading\" data-id=\"0a0d555\" data-element_type=\"widget\" data-widget_type=\"heading.default\">\n\t\t\t\t\t<h2 class=\"elementor-heading-title elementor-size-default\">Tarif en fonction de l'animal et du probl\u00e8me \u00e0 traiter<\/h2>\t\t\t\t<\/div>\n\t\t\t\t<div class=\"elementor-element elementor-element-1b1462b elementor-widget-divider--view-line elementor-widget elementor-widget-divider\" data-id=\"1b1462b\" data-element_type=\"widget\" data-widget_type=\"divider.default\">\n\t\t\t\t\t\t\t<div class=\"elementor-divider\">\n\t\t\t<span class=\"elementor-divider-separator\">\n\t\t\t\t\t\t<\/span>\n\t\t<\/div>\n\t\t\t\t\t\t<\/div>\n\t\t<div class=\"elementor-element elementor-element-a650f36 e-con-full e-flex e-con e-child\" data-id=\"a650f36\" data-element_type=\"container\">\n\t\t\t\t<div class=\"elementor-element elementor-element-d5c2580 elementor-widget elementor-widget-button\" data-id=\"d5c2580\" data-element_type=\"widget\" data-widget_type=\"button.default\">\n\t\t\t\t\t\t\t\t\t\t<a class=\"elementor-button elementor-button-link elementor-size-sm\" href=\"https:\/\/lereconnect.com\/index.php\/contact\/\">\n\t\t\t\t\t\t<span class=\"elementor-button-content-wrapper\">\n\t\t\t\t\t\t\t\t\t<span class=\"elementor-button-text\">Prendre RDV<\/span>\n\t\t\t\t\t<\/span>\n\t\t\t\t\t<\/a>\n\t\t\t\t\t\t\t\t<\/div>\n\t\t\t\t<\/div>\n\t\t\t\t<\/div>\n\t\t\t\t<\/div>\n\t\t\t\t\t<\/div>\n\t\t\t\t<\/div>\n\t\t<div class=\"elementor-element elementor-element-b183ec8 e-flex e-con-boxed elementor-invisible e-con e-parent\" data-id=\"b183ec8\" data-element_type=\"container\" data-settings=\"{&quot;background_background&quot;:&quot;classic&quot;,&quot;animation&quot;:&quot;fadeIn&quot;}\">\n\t\t\t\t\t<div class=\"e-con-inner\">\n\t\t<div class=\"elementor-element elementor-element-501f8fc2 e-con-full e-flex e-con e-child\" data-id=\"501f8fc2\" data-element_type=\"container\" data-settings=\"{&quot;background_background&quot;:&quot;classic&quot;}\">\n\t\t<div class=\"elementor-element elementor-element-77f24392 e-con-full e-flex elementor-invisible e-con e-child\" data-id=\"77f24392\" data-element_type=\"container\" data-settings=\"{&quot;background_background&quot;:&quot;classic&quot;,&quot;animation&quot;:&quot;fadeIn&quot;,&quot;animation_delay&quot;:100}\">\n\t\t\t\t<div class=\"elementor-element elementor-element-460b7e6d elementor-widget elementor-widget-heading\" data-id=\"460b7e6d\" data-element_type=\"widget\" data-widget_type=\"heading.default\">\n\t\t\t\t\t<h2 class=\"elementor-heading-title elementor-size-default\">Contactez-nous<\/h2>\t\t\t\t<\/div>\n\t\t\t\t<div class=\"elementor-element elementor-element-70c40e88 elementor-widget elementor-widget-text-editor\" data-id=\"70c40e88\" data-element_type=\"widget\" data-widget_type=\"text-editor.default\">\n\t\t\t\t\t\t\t\t\t<p>Vous souhaitez am\u00e9liorer votre politique QVT, r\u00e9duire l\u2019absent\u00e9isme et pr\u00e9venir les burn-out, tout en valorisant vos collaborateurs ?<\/p>\t\t\t\t\t\t\t\t<\/div>\n\t\t\t\t<\/div>\n\t\t<div class=\"elementor-element elementor-element-41dcb8eb e-con-full e-flex e-con e-child\" data-id=\"41dcb8eb\" data-element_type=\"container\" data-settings=\"{&quot;background_background&quot;:&quot;classic&quot;}\">\n\t\t<div class=\"elementor-element elementor-element-402689ea e-con-full e-flex elementor-invisible e-con e-child\" data-id=\"402689ea\" data-element_type=\"container\" data-settings=\"{&quot;background_background&quot;:&quot;classic&quot;,&quot;animation&quot;:&quot;fadeIn&quot;,&quot;animation_delay&quot;:300}\">\n\t\t\t\t<div class=\"elementor-element elementor-element-1563b836 elementor-icon-list--layout-traditional elementor-list-item-link-full_width elementor-widget elementor-widget-icon-list\" data-id=\"1563b836\" data-element_type=\"widget\" data-widget_type=\"icon-list.default\">\n\t\t\t\t\t\t\t<ul class=\"elementor-icon-list-items\">\n\t\t\t\t\t\t\t<li class=\"elementor-icon-list-item\">\n\t\t\t\t\t\t\t\t\t\t\t<span class=\"elementor-icon-list-icon\">\n\t\t\t\t\t\t\t<i aria-hidden=\"true\" class=\"icon icon-map-marker1\"><\/i>\t\t\t\t\t\t<\/span>\n\t\t\t\t\t\t\t\t\t\t<span class=\"elementor-icon-list-text\">238 rue Ensouleiado 13120 Gardanne<\/span>\n\t\t\t\t\t\t\t\t\t<\/li>\n\t\t\t\t\t\t\t\t<li class=\"elementor-icon-list-item\">\n\t\t\t\t\t\t\t\t\t\t\t<span class=\"elementor-icon-list-icon\">\n\t\t\t\t\t\t\t<i aria-hidden=\"true\" class=\"icon icon-phone-call1\"><\/i>\t\t\t\t\t\t<\/span>\n\t\t\t\t\t\t\t\t\t\t<span class=\"elementor-icon-list-text\">06 16 66 88 99<\/span>\n\t\t\t\t\t\t\t\t\t<\/li>\n\t\t\t\t\t\t\t\t<li class=\"elementor-icon-list-item\">\n\t\t\t\t\t\t\t\t\t\t\t<span class=\"elementor-icon-list-icon\">\n\t\t\t\t\t\t\t<i aria-hidden=\"true\" class=\"icon icon-phone-call1\"><\/i>\t\t\t\t\t\t<\/span>\n\t\t\t\t\t\t\t\t\t\t<span class=\"elementor-icon-list-text\">06 63 32 00 24<\/span>\n\t\t\t\t\t\t\t\t\t<\/li>\n\t\t\t\t\t\t\t\t<li class=\"elementor-icon-list-item\">\n\t\t\t\t\t\t\t\t\t\t\t<span class=\"elementor-icon-list-icon\">\n\t\t\t\t\t\t\t<i aria-hidden=\"true\" class=\"icon icon-envelope2\"><\/i>\t\t\t\t\t\t<\/span>\n\t\t\t\t\t\t\t\t\t\t<span class=\"elementor-icon-list-text\">lereconnect@gmail.com<\/span>\n\t\t\t\t\t\t\t\t\t<\/li>\n\t\t\t\t\t\t<\/ul>\n\t\t\t\t\t\t<\/div>\n\t\t\t\t<\/div>\n\t\t\t\t<\/div>\n\t\t\t\t<\/div>\n\t\t\t\t\t<\/div>\n\t\t\t\t<\/div>\n\t\t\t\t<\/div>\n\t\t","protected":false},"excerpt":{"rendered":"<p>Soins \u00e9nerg\u00e9tiques aux animaux M\u00e9thode Soins \u00e9nerg\u00e9tiques aux animaux Ils ne le disent pas, mais ils souffrent aussi Nos petits (et grands) compagnons peuvent, eux aussi, \u00eatre affect\u00e9s par des blessures physiques, des traumatismes, des peurs, des maladies et autres maux. Le Reconnect s&rsquo;occupe aussi de vos animaux gr\u00e2ce \u00e0 l&rsquo;utilisation de l&rsquo;\u00e9nergie universelle. Nous [&hellip;]<\/p>\n","protected":false},"author":2,"featured_media":0,"parent":0,"menu_order":0,"comment_status":"closed","ping_status":"closed","template":"elementor_header_footer","meta":{"footnotes":""},"class_list":["post-163","page","type-page","status-publish","hentry"],"yoast_head":"<!-- This site is optimized with the Yoast SEO plugin v26.7 - https:\/\/yoast.com\/wordpress\/plugins\/seo\/ -->\n<title>Soins \u00e9nerg\u00e9tiques aux animaux - Le Reconnect - Votre espace soin et sant\u00e9 sur Gardanne<\/title>\n<meta name=\"description\" content=\"D\u00e9couvrez nos soins \u00e9nerg\u00e9tiques pour animaux afin d\u2019harmoniser leur \u00e9nergie, apaiser leurs \u00e9motions et am\u00e9liorer leur bien-\u00eatre physique et mental.\" \/>\n<meta name=\"robots\" content=\"index, follow, max-snippet:-1, max-image-preview:large, max-video-preview:-1\" \/>\n<link rel=\"canonical\" href=\"https:\/\/lereconnect.com\/index.php\/soins-energetiques-aux-animaux\/\" \/>\n<meta property=\"og:locale\" content=\"fr_FR\" \/>\n<meta property=\"og:type\" content=\"article\" \/>\n<meta property=\"og:title\" content=\"Soins \u00e9nerg\u00e9tiques aux animaux - Le Reconnect - Votre espace soin et sant\u00e9 sur Gardanne\" \/>\n<meta property=\"og:description\" content=\"D\u00e9couvrez nos soins \u00e9nerg\u00e9tiques pour animaux afin d\u2019harmoniser leur \u00e9nergie, apaiser leurs \u00e9motions et am\u00e9liorer leur bien-\u00eatre physique et mental.\" \/>\n<meta property=\"og:url\" content=\"https:\/\/lereconnect.com\/index.php\/soins-energetiques-aux-animaux\/\" \/>\n<meta property=\"og:site_name\" content=\"Le Reconnect - Votre espace soin et sant\u00e9 sur Gardanne\" \/>\n<meta property=\"article:modified_time\" content=\"2025-12-11T11:34:05+00:00\" \/>\n<meta name=\"twitter:card\" content=\"summary_large_image\" \/>\n<meta name=\"twitter:label1\" content=\"Dur\u00e9e de lecture estim\u00e9e\" \/>\n\t<meta name=\"twitter:data1\" content=\"1 minute\" \/>\n<script type=\"application\/ld+json\" class=\"yoast-schema-graph\">{\"@context\":\"https:\/\/schema.org\",\"@graph\":[{\"@type\":\"WebPage\",\"@id\":\"https:\/\/lereconnect.com\/index.php\/soins-energetiques-aux-animaux\/\",\"url\":\"https:\/\/lereconnect.com\/index.php\/soins-energetiques-aux-animaux\/\",\"name\":\"Soins \u00e9nerg\u00e9tiques aux animaux - Le Reconnect - Votre espace soin et sant\u00e9 sur Gardanne\",\"isPartOf\":{\"@id\":\"https:\/\/lereconnect.com\/#website\"},\"datePublished\":\"2025-09-03T09:06:41+00:00\",\"dateModified\":\"2025-12-11T11:34:05+00:00\",\"description\":\"D\u00e9couvrez nos soins \u00e9nerg\u00e9tiques pour animaux afin d\u2019harmoniser leur \u00e9nergie, apaiser leurs \u00e9motions et am\u00e9liorer leur bien-\u00eatre physique et mental.\",\"breadcrumb\":{\"@id\":\"https:\/\/lereconnect.com\/index.php\/soins-energetiques-aux-animaux\/#breadcrumb\"},\"inLanguage\":\"fr-FR\",\"potentialAction\":[{\"@type\":\"ReadAction\",\"target\":[\"https:\/\/lereconnect.com\/index.php\/soins-energetiques-aux-animaux\/\"]}]},{\"@type\":\"BreadcrumbList\",\"@id\":\"https:\/\/lereconnect.com\/index.php\/soins-energetiques-aux-animaux\/#breadcrumb\",\"itemListElement\":[{\"@type\":\"ListItem\",\"position\":1,\"name\":\"Accueil\",\"item\":\"https:\/\/lereconnect.com\/\"},{\"@type\":\"ListItem\",\"position\":2,\"name\":\"Soins \u00e9nerg\u00e9tiques aux animaux\"}]},{\"@type\":\"WebSite\",\"@id\":\"https:\/\/lereconnect.com\/#website\",\"url\":\"https:\/\/lereconnect.com\/\",\"name\":\"Le Reconnect - Espace bien \u00eatre et sant\u00e9 \u00e0 Gardannes\",\"description\":\"Centre sant\u00e9 et bien \u00eatre en entreprise\",\"publisher\":{\"@id\":\"https:\/\/lereconnect.com\/#organization\"},\"potentialAction\":[{\"@type\":\"SearchAction\",\"target\":{\"@type\":\"EntryPoint\",\"urlTemplate\":\"https:\/\/lereconnect.com\/?s={search_term_string}\"},\"query-input\":{\"@type\":\"PropertyValueSpecification\",\"valueRequired\":true,\"valueName\":\"search_term_string\"}}],\"inLanguage\":\"fr-FR\"},{\"@type\":\"Organization\",\"@id\":\"https:\/\/lereconnect.com\/#organization\",\"name\":\"Le reconnect\",\"url\":\"https:\/\/lereconnect.com\/\",\"logo\":{\"@type\":\"ImageObject\",\"inLanguage\":\"fr-FR\",\"@id\":\"https:\/\/lereconnect.com\/#\/schema\/logo\/image\/\",\"url\":\"https:\/\/lereconnect.com\/wp-content\/uploads\/2025\/09\/lereconnect.png\",\"contentUrl\":\"https:\/\/lereconnect.com\/wp-content\/uploads\/2025\/09\/lereconnect.png\",\"width\":360,\"height\":150,\"caption\":\"Le reconnect\"},\"image\":{\"@id\":\"https:\/\/lereconnect.com\/#\/schema\/logo\/image\/\"}}]}<\/script>\n<!-- \/ Yoast SEO plugin. -->","yoast_head_json":{"title":"Soins \u00e9nerg\u00e9tiques aux animaux - Le Reconnect - Votre espace soin et sant\u00e9 sur Gardanne","description":"D\u00e9couvrez nos soins \u00e9nerg\u00e9tiques pour animaux afin d\u2019harmoniser leur \u00e9nergie, apaiser leurs \u00e9motions et am\u00e9liorer leur bien-\u00eatre physique et mental.","robots":{"index":"index","follow":"follow","max-snippet":"max-snippet:-1","max-image-preview":"max-image-preview:large","max-video-preview":"max-video-preview:-1"},"canonical":"https:\/\/lereconnect.com\/index.php\/soins-energetiques-aux-animaux\/","og_locale":"fr_FR","og_type":"article","og_title":"Soins \u00e9nerg\u00e9tiques aux animaux - Le Reconnect - Votre espace soin et sant\u00e9 sur Gardanne","og_description":"D\u00e9couvrez nos soins \u00e9nerg\u00e9tiques pour animaux afin d\u2019harmoniser leur \u00e9nergie, apaiser leurs \u00e9motions et am\u00e9liorer leur bien-\u00eatre physique et mental.","og_url":"https:\/\/lereconnect.com\/index.php\/soins-energetiques-aux-animaux\/","og_site_name":"Le Reconnect - Votre espace soin et sant\u00e9 sur Gardanne","article_modified_time":"2025-12-11T11:34:05+00:00","twitter_card":"summary_large_image","twitter_misc":{"Dur\u00e9e de lecture estim\u00e9e":"1 minute"},"schema":{"@context":"https:\/\/schema.org","@graph":[{"@type":"WebPage","@id":"https:\/\/lereconnect.com\/index.php\/soins-energetiques-aux-animaux\/","url":"https:\/\/lereconnect.com\/index.php\/soins-energetiques-aux-animaux\/","name":"Soins \u00e9nerg\u00e9tiques aux animaux - Le Reconnect - Votre espace soin et sant\u00e9 sur Gardanne","isPartOf":{"@id":"https:\/\/lereconnect.com\/#website"},"datePublished":"2025-09-03T09:06:41+00:00","dateModified":"2025-12-11T11:34:05+00:00","description":"D\u00e9couvrez nos soins \u00e9nerg\u00e9tiques pour animaux afin d\u2019harmoniser leur \u00e9nergie, apaiser leurs \u00e9motions et am\u00e9liorer leur bien-\u00eatre physique et mental.","breadcrumb":{"@id":"https:\/\/lereconnect.com\/index.php\/soins-energetiques-aux-animaux\/#breadcrumb"},"inLanguage":"fr-FR","potentialAction":[{"@type":"ReadAction","target":["https:\/\/lereconnect.com\/index.php\/soins-energetiques-aux-animaux\/"]}]},{"@type":"BreadcrumbList","@id":"https:\/\/lereconnect.com\/index.php\/soins-energetiques-aux-animaux\/#breadcrumb","itemListElement":[{"@type":"ListItem","position":1,"name":"Accueil","item":"https:\/\/lereconnect.com\/"},{"@type":"ListItem","position":2,"name":"Soins \u00e9nerg\u00e9tiques aux animaux"}]},{"@type":"WebSite","@id":"https:\/\/lereconnect.com\/#website","url":"https:\/\/lereconnect.com\/","name":"Le Reconnect - Espace bien \u00eatre et sant\u00e9 \u00e0 Gardannes","description":"Centre sant\u00e9 et bien \u00eatre en entreprise","publisher":{"@id":"https:\/\/lereconnect.com\/#organization"},"potentialAction":[{"@type":"SearchAction","target":{"@type":"EntryPoint","urlTemplate":"https:\/\/lereconnect.com\/?s={search_term_string}"},"query-input":{"@type":"PropertyValueSpecification","valueRequired":true,"valueName":"search_term_string"}}],"inLanguage":"fr-FR"},{"@type":"Organization","@id":"https:\/\/lereconnect.com\/#organization","name":"Le reconnect","url":"https:\/\/lereconnect.com\/","logo":{"@type":"ImageObject","inLanguage":"fr-FR","@id":"https:\/\/lereconnect.com\/#\/schema\/logo\/image\/","url":"https:\/\/lereconnect.com\/wp-content\/uploads\/2025\/09\/lereconnect.png","contentUrl":"https:\/\/lereconnect.com\/wp-content\/uploads\/2025\/09\/lereconnect.png","width":360,"height":150,"caption":"Le reconnect"},"image":{"@id":"https:\/\/lereconnect.com\/#\/schema\/logo\/image\/"}}]}},"_links":{"self":[{"href":"https:\/\/lereconnect.com\/index.php\/wp-json\/wp\/v2\/pages\/163","targetHints":{"allow":["GET"]}}],"collection":[{"href":"https:\/\/lereconnect.com\/index.php\/wp-json\/wp\/v2\/pages"}],"about":[{"href":"https:\/\/lereconnect.com\/index.php\/wp-json\/wp\/v2\/types\/page"}],"author":[{"embeddable":true,"href":"https:\/\/lereconnect.com\/index.php\/wp-json\/wp\/v2\/users\/2"}],"replies":[{"embeddable":true,"href":"https:\/\/lereconnect.com\/index.php\/wp-json\/wp\/v2\/comments?post=163"}],"version-history":[{"count":19,"href":"https:\/\/lereconnect.com\/index.php\/wp-json\/wp\/v2\/pages\/163\/revisions"}],"predecessor-version":[{"id":511,"href":"https:\/\/lereconnect.com\/index.php\/wp-json\/wp\/v2\/pages\/163\/revisions\/511"}],"wp:attachment":[{"href":"https:\/\/lereconnect.com\/index.php\/wp-json\/wp\/v2\/media?parent=163"}],"curies":[{"name":"wp","href":"https:\/\/api.w.org\/{rel}","templated":true}]}}