{"id":376,"date":"2025-10-17T08:13:47","date_gmt":"2025-10-17T08:13:47","guid":{"rendered":"https:\/\/lereconnect.com\/?page_id=376"},"modified":"2025-12-11T14:12:03","modified_gmt":"2025-12-11T13:12:03","slug":"evenements","status":"publish","type":"page","link":"https:\/\/lereconnect.com\/index.php\/evenements\/","title":{"rendered":"\u00c9v\u00e9nements"},"content":{"rendered":"\t\t<div data-elementor-type=\"wp-page\" data-elementor-id=\"376\" class=\"elementor elementor-376\" data-elementor-post-type=\"page\">\n\t\t\t\t<div class=\"elementor-element elementor-element-74e0136c e-flex e-con-boxed e-con e-parent\" data-id=\"74e0136c\" data-element_type=\"container\" data-settings=\"{&quot;background_background&quot;:&quot;classic&quot;}\">\n\t\t\t\t\t<div class=\"e-con-inner\">\n\t\t\t\t<div class=\"elementor-element elementor-element-72c2faac elementor-widget elementor-widget-heading\" data-id=\"72c2faac\" data-element_type=\"widget\" data-widget_type=\"heading.default\">\n\t\t\t\t\t<h2 class=\"elementor-heading-title elementor-size-default\">\u00c9v\u00e9nements<\/h2>\t\t\t\t<\/div>\n\t\t\t\t\t<\/div>\n\t\t\t\t<\/div>\n\t\t<div class=\"elementor-element elementor-element-514ccfcd e-grid e-con-boxed elementor-invisible e-con e-parent\" data-id=\"514ccfcd\" data-element_type=\"container\" data-settings=\"{&quot;background_background&quot;:&quot;classic&quot;,&quot;animation&quot;:&quot;fadeIn&quot;}\">\n\t\t\t\t\t<div class=\"e-con-inner\">\n\t\t<div class=\"elementor-element elementor-element-3332fa20 e-con-full e-flex elementor-invisible e-con e-child\" data-id=\"3332fa20\" data-element_type=\"container\" data-settings=\"{&quot;animation&quot;:&quot;fadeIn&quot;,&quot;animation_delay&quot;:100}\">\n\t\t<div class=\"elementor-element elementor-element-5326f221 e-con-full e-flex e-con e-child\" data-id=\"5326f221\" data-element_type=\"container\">\n\t\t\t\t<div class=\"elementor-element elementor-element-b44273a elementor-widget elementor-widget-heading\" data-id=\"b44273a\" data-element_type=\"widget\" data-widget_type=\"heading.default\">\n\t\t\t\t\t<h2 class=\"elementor-heading-title elementor-size-default\">Le Reconnect, un lieu de vie et de partage.<\/h2>\t\t\t\t<\/div>\n\t\t\t\t<\/div>\n\t\t\t\t<div class=\"elementor-element elementor-element-18525e3b elementor-widget-divider--view-line elementor-widget elementor-widget-divider\" data-id=\"18525e3b\" data-element_type=\"widget\" data-widget_type=\"divider.default\">\n\t\t\t\t\t\t\t<div class=\"elementor-divider\">\n\t\t\t<span class=\"elementor-divider-separator\">\n\t\t\t\t\t\t<\/span>\n\t\t<\/div>\n\t\t\t\t\t\t<\/div>\n\t\t<div class=\"elementor-element elementor-element-576839d7 e-con-full e-flex e-con e-child\" data-id=\"576839d7\" data-element_type=\"container\">\n\t\t\t\t<div class=\"elementor-element elementor-element-5c214ce2 elementor-widget elementor-widget-heading\" data-id=\"5c214ce2\" data-element_type=\"widget\" data-widget_type=\"heading.default\">\n\t\t\t\t\t<h2 class=\"elementor-heading-title elementor-size-default\">Chaque mois, notre centre s'anime<\/h2>\t\t\t\t<\/div>\n\t\t\t\t<div class=\"elementor-element elementor-element-12572407 elementor-widget elementor-widget-text-editor\" data-id=\"12572407\" data-element_type=\"widget\" data-widget_type=\"text-editor.default\">\n\t\t\t\t\t\t\t\t\t<div><div><div class=\"elementToProof\" role=\"presentation\">autour d&rsquo;un \u00e9v\u00e9nement th\u00e9matique pour vous offrir une exp\u00e9rience enrichissante et conviviale. Venez partager un moment unique, \u00e9changer avec des praticiens passionn\u00e9s et d\u00e9couvrir de nouvelles pratiques pour votre bien-\u00eatre au quotidien.<\/div><\/div><\/div>\t\t\t\t\t\t\t\t<\/div>\n\t\t\t\t<div class=\"elementor-element elementor-element-60f1d472 elementor-widget elementor-widget-heading\" data-id=\"60f1d472\" data-element_type=\"widget\" data-widget_type=\"heading.default\">\n\t\t\t\t\t<h2 class=\"elementor-heading-title elementor-size-default\">C'est l'occasion parfaite de :<\/h2>\t\t\t\t<\/div>\n\t\t<div class=\"elementor-element elementor-element-21cae916 e-con-full e-flex e-con e-child\" data-id=\"21cae916\" data-element_type=\"container\">\n\t\t\t\t<div class=\"elementor-element elementor-element-1e2b3c8e elementor-align-left elementor-icon-list--layout-traditional elementor-list-item-link-full_width elementor-widget elementor-widget-icon-list\" data-id=\"1e2b3c8e\" data-element_type=\"widget\" data-widget_type=\"icon-list.default\">\n\t\t\t\t\t\t\t<ul class=\"elementor-icon-list-items\">\n\t\t\t\t\t\t\t<li class=\"elementor-icon-list-item\">\n\t\t\t\t\t\t\t\t\t\t\t<span class=\"elementor-icon-list-icon\">\n\t\t\t\t\t\t\t<i aria-hidden=\"true\" class=\"icon icon-checkmark-circle\"><\/i>\t\t\t\t\t\t<\/span>\n\t\t\t\t\t\t\t\t\t\t<span class=\"elementor-icon-list-text\">Rencontrer des professionnels \u00e0 votre \u00e9coute.<\/span>\n\t\t\t\t\t\t\t\t\t<\/li>\n\t\t\t\t\t\t\t\t<li class=\"elementor-icon-list-item\">\n\t\t\t\t\t\t\t\t\t\t\t<span class=\"elementor-icon-list-icon\">\n\t\t\t\t\t\t\t<i aria-hidden=\"true\" class=\"icon icon-checkmark-circle\"><\/i>\t\t\t\t\t\t<\/span>\n\t\t\t\t\t\t\t\t\t\t<span class=\"elementor-icon-list-text\">D\u00e9couvrir de nouvelles techniques lors de nos ateliers.<\/span>\n\t\t\t\t\t\t\t\t\t<\/li>\n\t\t\t\t\t\t\t\t<li class=\"elementor-icon-list-item\">\n\t\t\t\t\t\t\t\t\t\t\t<span class=\"elementor-icon-list-icon\">\n\t\t\t\t\t\t\t<i aria-hidden=\"true\" class=\"icon icon-checkmark-circle\"><\/i>\t\t\t\t\t\t<\/span>\n\t\t\t\t\t\t\t\t\t\t<span class=\"elementor-icon-list-text\">Vous connecter \u00e0 une communaut\u00e9 bienveillante.<\/span>\n\t\t\t\t\t\t\t\t\t<\/li>\n\t\t\t\t\t\t<\/ul>\n\t\t\t\t\t\t<\/div>\n\t\t\t\t<\/div>\n\t\t\t\t<\/div>\n\t\t\t\t<div class=\"elementor-element elementor-element-b8b1577 elementor-widget elementor-widget-heading\" data-id=\"b8b1577\" data-element_type=\"widget\" data-widget_type=\"heading.default\">\n\t\t\t\t\t<h2 class=\"elementor-heading-title elementor-size-default\">Consultez notre agenda pour le prochain rendez-vous !<\/h2>\t\t\t\t<\/div>\n\t\t\t\t<div class=\"elementor-element elementor-element-27024b6 elementor-widget elementor-widget-button\" data-id=\"27024b6\" data-element_type=\"widget\" data-widget_type=\"button.default\">\n\t\t\t\t\t\t\t\t\t\t<a class=\"elementor-button elementor-button-link elementor-size-sm\" href=\"https:\/\/lereconnect.com\/index.php\/contact\/\">\n\t\t\t\t\t\t<span class=\"elementor-button-content-wrapper\">\n\t\t\t\t\t\t\t\t\t<span class=\"elementor-button-text\">Cliquez ici<\/span>\n\t\t\t\t\t<\/span>\n\t\t\t\t\t<\/a>\n\t\t\t\t\t\t\t\t<\/div>\n\t\t\t\t<\/div>\n\t\t\t\t<div class=\"elementor-element elementor-element-cf80953 elementor-skin-carousel elementor-widget elementor-widget-media-carousel\" data-id=\"cf80953\" data-element_type=\"widget\" data-settings=\"{&quot;slides_per_view&quot;:&quot;1&quot;,&quot;autoplay_speed&quot;:2000,&quot;space_between&quot;:{&quot;unit&quot;:&quot;px&quot;,&quot;size&quot;:5,&quot;sizes&quot;:[]},&quot;skin&quot;:&quot;carousel&quot;,&quot;effect&quot;:&quot;slide&quot;,&quot;speed&quot;:500,&quot;autoplay&quot;:&quot;yes&quot;,&quot;loop&quot;:&quot;yes&quot;,&quot;pause_on_hover&quot;:&quot;yes&quot;,&quot;pause_on_interaction&quot;:&quot;yes&quot;,&quot;space_between_tablet&quot;:{&quot;unit&quot;:&quot;px&quot;,&quot;size&quot;:10,&quot;sizes&quot;:[]},&quot;space_between_mobile&quot;:{&quot;unit&quot;:&quot;px&quot;,&quot;size&quot;:10,&quot;sizes&quot;:[]}}\" data-widget_type=\"media-carousel.default\">\n\t\t\t\t\t\t\t\t\t\t<div class=\"elementor-main-swiper swiper\" role=\"region\" aria-roledescription=\"carousel\" aria-label=\"Diapositives\">\n\t\t\t\t<div class=\"swiper-wrapper\">\n\t\t\t\t\t\t\t\t\t\t\t<div class=\"swiper-slide\" role=\"group\" aria-roledescription=\"slide\">\n\t\t\t\t\t\t\t\t\t<div class=\"elementor-carousel-image\" role=\"img\" aria-label=\"20250927_164520-2\" style=\"background-image: url(&#039;https:\/\/lereconnect.com\/wp-content\/uploads\/2025\/11\/20250927_164520-2-scaled-e1762179534945.jpg&#039;)\">\n\n\t\t\t\n\t\t\t\t\t<\/div>\n\t\t\t\t\t\t\t\t<\/div>\n\t\t\t\t\t\t\t\t\t\t\t<div class=\"swiper-slide\" role=\"group\" aria-roledescription=\"slide\">\n\t\t\t\t\t\t\t\t\t<div class=\"elementor-carousel-image\" role=\"img\" aria-label=\"20250927_161812\" style=\"background-image: url(&#039;https:\/\/lereconnect.com\/wp-content\/uploads\/2025\/11\/20250927_161812-scaled.jpg&#039;)\">\n\n\t\t\t\n\t\t\t\t\t<\/div>\n\t\t\t\t\t\t\t\t<\/div>\n\t\t\t\t\t\t\t\t\t\t\t<div class=\"swiper-slide\" role=\"group\" aria-roledescription=\"slide\">\n\t\t\t\t\t\t\t\t\t<div class=\"elementor-carousel-image\" role=\"img\" aria-label=\"IMG-20250927-WA0007(2)\" style=\"background-image: url(&#039;https:\/\/lereconnect.com\/wp-content\/uploads\/2025\/11\/IMG-20250927-WA00072.jpg&#039;)\">\n\n\t\t\t\n\t\t\t\t\t<\/div>\n\t\t\t\t\t\t\t\t<\/div>\n\t\t\t\t\t\t\t\t\t<\/div>\n\t\t\t\t\t\t\t\t\t\t\t\t\t\t\t\t\t\t\t\t\t<\/div>\n\t\t\t\t\t\t\t\t<\/div>\n\t\t\t\t\t<\/div>\n\t\t\t\t<\/div>\n\t\t<div class=\"elementor-element elementor-element-253005bb e-flex e-con-boxed elementor-invisible e-con e-parent\" data-id=\"253005bb\" data-element_type=\"container\" data-settings=\"{&quot;background_background&quot;:&quot;classic&quot;,&quot;animation&quot;:&quot;fadeIn&quot;}\">\n\t\t\t\t\t<div class=\"e-con-inner\">\n\t\t\t\t<div class=\"elementor-element elementor-element-58febe43 elementor-widget__width-initial elementor-invisible elementor-widget elementor-widget-icon-box\" data-id=\"58febe43\" data-element_type=\"widget\" data-settings=\"{&quot;_animation&quot;:&quot;fadeIn&quot;}\" data-widget_type=\"icon-box.default\">\n\t\t\t\t\t\t\t<div class=\"elementor-icon-box-wrapper\">\n\n\t\t\t\n\t\t\t\t\t\t<div class=\"elementor-icon-box-content\">\n\n\t\t\t\t\n\t\t\t\t\t\t\t\t\t<p class=\"elementor-icon-box-description\">\n\t\t\t\t\t\tNotre corps est fait d\u2019\u00e9nergie : plus elle circule librement, plus nos actions gagnent en efficacit\u00e9.\nAccro\u00eetre son potentiel, \u00eatre plus comp\u00e9titif : des solutions existent !\t\t\t\t\t<\/p>\n\t\t\t\t\n\t\t\t<\/div>\n\t\t\t\n\t\t<\/div>\n\t\t\t\t\t\t<\/div>\n\t\t\t\t\t<\/div>\n\t\t\t\t<\/div>\n\t\t<div class=\"elementor-element elementor-element-e0c3ee3 e-flex e-con-boxed elementor-invisible e-con e-parent\" data-id=\"e0c3ee3\" data-element_type=\"container\" data-settings=\"{&quot;background_background&quot;:&quot;classic&quot;,&quot;animation&quot;:&quot;fadeIn&quot;}\">\n\t\t\t\t\t<div class=\"e-con-inner\">\n\t\t<div class=\"elementor-element elementor-element-693d11a4 e-con-full e-flex e-con e-child\" data-id=\"693d11a4\" data-element_type=\"container\" data-settings=\"{&quot;background_background&quot;:&quot;classic&quot;}\">\n\t\t<div class=\"elementor-element elementor-element-634755a0 e-con-full e-flex elementor-invisible e-con e-child\" data-id=\"634755a0\" data-element_type=\"container\" data-settings=\"{&quot;background_background&quot;:&quot;classic&quot;,&quot;animation&quot;:&quot;fadeIn&quot;,&quot;animation_delay&quot;:100}\">\n\t\t\t\t<div class=\"elementor-element elementor-element-5a4eb26d elementor-widget elementor-widget-heading\" data-id=\"5a4eb26d\" data-element_type=\"widget\" data-widget_type=\"heading.default\">\n\t\t\t\t\t<h2 class=\"elementor-heading-title elementor-size-default\">Contactez-nous<\/h2>\t\t\t\t<\/div>\n\t\t\t\t<\/div>\n\t\t<div class=\"elementor-element elementor-element-eac3014 e-con-full e-flex e-con e-child\" data-id=\"eac3014\" data-element_type=\"container\" data-settings=\"{&quot;background_background&quot;:&quot;classic&quot;}\">\n\t\t<div class=\"elementor-element elementor-element-26aab888 e-con-full e-flex elementor-invisible e-con e-child\" data-id=\"26aab888\" data-element_type=\"container\" data-settings=\"{&quot;background_background&quot;:&quot;classic&quot;,&quot;animation&quot;:&quot;fadeIn&quot;,&quot;animation_delay&quot;:300}\">\n\t\t\t\t<div class=\"elementor-element elementor-element-7af007f2 elementor-icon-list--layout-traditional elementor-list-item-link-full_width elementor-widget elementor-widget-icon-list\" data-id=\"7af007f2\" data-element_type=\"widget\" data-widget_type=\"icon-list.default\">\n\t\t\t\t\t\t\t<ul class=\"elementor-icon-list-items\">\n\t\t\t\t\t\t\t<li class=\"elementor-icon-list-item\">\n\t\t\t\t\t\t\t\t\t\t\t<span class=\"elementor-icon-list-icon\">\n\t\t\t\t\t\t\t<i aria-hidden=\"true\" class=\"icon icon-map-marker1\"><\/i>\t\t\t\t\t\t<\/span>\n\t\t\t\t\t\t\t\t\t\t<span class=\"elementor-icon-list-text\">238 rue Ensouleiado 13120 Gardanne<\/span>\n\t\t\t\t\t\t\t\t\t<\/li>\n\t\t\t\t\t\t\t\t<li class=\"elementor-icon-list-item\">\n\t\t\t\t\t\t\t\t\t\t\t<span class=\"elementor-icon-list-icon\">\n\t\t\t\t\t\t\t<i aria-hidden=\"true\" class=\"icon icon-phone-call1\"><\/i>\t\t\t\t\t\t<\/span>\n\t\t\t\t\t\t\t\t\t\t<span class=\"elementor-icon-list-text\">06 16 66 88 99<\/span>\n\t\t\t\t\t\t\t\t\t<\/li>\n\t\t\t\t\t\t\t\t<li class=\"elementor-icon-list-item\">\n\t\t\t\t\t\t\t\t\t\t\t<span class=\"elementor-icon-list-icon\">\n\t\t\t\t\t\t\t<i aria-hidden=\"true\" class=\"icon icon-phone-call1\"><\/i>\t\t\t\t\t\t<\/span>\n\t\t\t\t\t\t\t\t\t\t<span class=\"elementor-icon-list-text\">06 63 32 00 24<\/span>\n\t\t\t\t\t\t\t\t\t<\/li>\n\t\t\t\t\t\t\t\t<li class=\"elementor-icon-list-item\">\n\t\t\t\t\t\t\t\t\t\t\t<span class=\"elementor-icon-list-icon\">\n\t\t\t\t\t\t\t<i aria-hidden=\"true\" class=\"icon icon-envelope2\"><\/i>\t\t\t\t\t\t<\/span>\n\t\t\t\t\t\t\t\t\t\t<span class=\"elementor-icon-list-text\">lereconnect@gmail.com<\/span>\n\t\t\t\t\t\t\t\t\t<\/li>\n\t\t\t\t\t\t<\/ul>\n\t\t\t\t\t\t<\/div>\n\t\t\t\t<\/div>\n\t\t\t\t<\/div>\n\t\t\t\t<\/div>\n\t\t\t\t\t<\/div>\n\t\t\t\t<\/div>\n\t\t<div class=\"elementor-element elementor-element-24c8ef46 e-flex e-con-boxed e-con e-parent\" data-id=\"24c8ef46\" data-element_type=\"container\" data-settings=\"{&quot;background_background&quot;:&quot;classic&quot;}\">\n\t\t\t\t\t<div class=\"e-con-inner\">\n\t\t\t\t<div class=\"elementor-element elementor-element-29ec16ff elementor-widget elementor-widget-google_maps\" data-id=\"29ec16ff\" data-element_type=\"widget\" data-widget_type=\"google_maps.default\">\n\t\t\t\t\t\t\t<div class=\"elementor-custom-embed\">\n\t\t\t<iframe loading=\"lazy\"\n\t\t\t\t\tsrc=\"https:\/\/maps.google.com\/maps?q=238%20rue%20Ensouleiado%2013120%20Gardanne&#038;t=m&#038;z=10&#038;output=embed&#038;iwloc=near\"\n\t\t\t\t\ttitle=\"238 rue Ensouleiado 13120 Gardanne\"\n\t\t\t\t\taria-label=\"238 rue Ensouleiado 13120 Gardanne\"\n\t\t\t><\/iframe>\n\t\t<\/div>\n\t\t\t\t\t\t<\/div>\n\t\t\t\t\t<\/div>\n\t\t\t\t<\/div>\n\t\t\t\t<\/div>\n\t\t","protected":false},"excerpt":{"rendered":"<p>\u00c9v\u00e9nements Le Reconnect, un lieu de vie et de partage. Chaque mois, notre centre s&rsquo;anime autour d&rsquo;un \u00e9v\u00e9nement th\u00e9matique pour vous offrir une exp\u00e9rience enrichissante et conviviale. Venez partager un moment unique, \u00e9changer avec des praticiens passionn\u00e9s et d\u00e9couvrir de nouvelles pratiques pour votre bien-\u00eatre au quotidien. C&rsquo;est l&rsquo;occasion parfaite de : Rencontrer des professionnels [&hellip;]<\/p>\n","protected":false},"author":2,"featured_media":0,"parent":0,"menu_order":0,"comment_status":"closed","ping_status":"closed","template":"elementor_header_footer","meta":{"footnotes":""},"class_list":["post-376","page","type-page","status-publish","hentry"],"yoast_head":"<!-- This site is optimized with the Yoast SEO plugin v26.7 - https:\/\/yoast.com\/wordpress\/plugins\/seo\/ -->\n<title>\u00c9v\u00e9nements - Le Reconnect - Votre espace soin et sant\u00e9 sur Gardanne<\/title>\n<meta name=\"description\" content=\"Offres d\u2019\u00e9v\u00e9nements bien-\u00eatre et ateliers pour pros : rencontres, techniques relaxantes et animations pour am\u00e9liorer la coh\u00e9sion et le bien-\u00eatre en entreprise.\" \/>\n<meta name=\"robots\" content=\"index, follow, max-snippet:-1, max-image-preview:large, max-video-preview:-1\" \/>\n<link rel=\"canonical\" href=\"https:\/\/lereconnect.com\/index.php\/evenements\/\" \/>\n<meta property=\"og:locale\" content=\"fr_FR\" \/>\n<meta property=\"og:type\" content=\"article\" \/>\n<meta property=\"og:title\" content=\"\u00c9v\u00e9nements - Le Reconnect - Votre espace soin et sant\u00e9 sur Gardanne\" \/>\n<meta property=\"og:description\" content=\"Offres d\u2019\u00e9v\u00e9nements bien-\u00eatre et ateliers pour pros : rencontres, techniques relaxantes et animations pour am\u00e9liorer la coh\u00e9sion et le bien-\u00eatre en entreprise.\" \/>\n<meta property=\"og:url\" content=\"https:\/\/lereconnect.com\/index.php\/evenements\/\" \/>\n<meta property=\"og:site_name\" content=\"Le Reconnect - Votre espace soin et sant\u00e9 sur Gardanne\" \/>\n<meta property=\"article:modified_time\" content=\"2025-12-11T13:12:03+00:00\" \/>\n<meta name=\"twitter:card\" content=\"summary_large_image\" \/>\n<meta name=\"twitter:label1\" content=\"Dur\u00e9e de lecture estim\u00e9e\" \/>\n\t<meta name=\"twitter:data1\" content=\"1 minute\" \/>\n<script type=\"application\/ld+json\" class=\"yoast-schema-graph\">{\"@context\":\"https:\/\/schema.org\",\"@graph\":[{\"@type\":\"WebPage\",\"@id\":\"https:\/\/lereconnect.com\/index.php\/evenements\/\",\"url\":\"https:\/\/lereconnect.com\/index.php\/evenements\/\",\"name\":\"\u00c9v\u00e9nements - Le Reconnect - Votre espace soin et sant\u00e9 sur Gardanne\",\"isPartOf\":{\"@id\":\"https:\/\/lereconnect.com\/#website\"},\"datePublished\":\"2025-10-17T08:13:47+00:00\",\"dateModified\":\"2025-12-11T13:12:03+00:00\",\"description\":\"Offres d\u2019\u00e9v\u00e9nements bien-\u00eatre et ateliers pour pros : rencontres, techniques relaxantes et animations pour am\u00e9liorer la coh\u00e9sion et le bien-\u00eatre en entreprise.\",\"breadcrumb\":{\"@id\":\"https:\/\/lereconnect.com\/index.php\/evenements\/#breadcrumb\"},\"inLanguage\":\"fr-FR\",\"potentialAction\":[{\"@type\":\"ReadAction\",\"target\":[\"https:\/\/lereconnect.com\/index.php\/evenements\/\"]}]},{\"@type\":\"BreadcrumbList\",\"@id\":\"https:\/\/lereconnect.com\/index.php\/evenements\/#breadcrumb\",\"itemListElement\":[{\"@type\":\"ListItem\",\"position\":1,\"name\":\"Accueil\",\"item\":\"https:\/\/lereconnect.com\/\"},{\"@type\":\"ListItem\",\"position\":2,\"name\":\"\u00c9v\u00e9nements\"}]},{\"@type\":\"WebSite\",\"@id\":\"https:\/\/lereconnect.com\/#website\",\"url\":\"https:\/\/lereconnect.com\/\",\"name\":\"Le Reconnect - Espace bien \u00eatre et sant\u00e9 \u00e0 Gardannes\",\"description\":\"Centre sant\u00e9 et bien \u00eatre en entreprise\",\"publisher\":{\"@id\":\"https:\/\/lereconnect.com\/#organization\"},\"potentialAction\":[{\"@type\":\"SearchAction\",\"target\":{\"@type\":\"EntryPoint\",\"urlTemplate\":\"https:\/\/lereconnect.com\/?s={search_term_string}\"},\"query-input\":{\"@type\":\"PropertyValueSpecification\",\"valueRequired\":true,\"valueName\":\"search_term_string\"}}],\"inLanguage\":\"fr-FR\"},{\"@type\":\"Organization\",\"@id\":\"https:\/\/lereconnect.com\/#organization\",\"name\":\"Le reconnect\",\"url\":\"https:\/\/lereconnect.com\/\",\"logo\":{\"@type\":\"ImageObject\",\"inLanguage\":\"fr-FR\",\"@id\":\"https:\/\/lereconnect.com\/#\/schema\/logo\/image\/\",\"url\":\"https:\/\/lereconnect.com\/wp-content\/uploads\/2025\/09\/lereconnect.png\",\"contentUrl\":\"https:\/\/lereconnect.com\/wp-content\/uploads\/2025\/09\/lereconnect.png\",\"width\":360,\"height\":150,\"caption\":\"Le reconnect\"},\"image\":{\"@id\":\"https:\/\/lereconnect.com\/#\/schema\/logo\/image\/\"}}]}<\/script>\n<!-- \/ Yoast SEO plugin. -->","yoast_head_json":{"title":"\u00c9v\u00e9nements - Le Reconnect - Votre espace soin et sant\u00e9 sur Gardanne","description":"Offres d\u2019\u00e9v\u00e9nements bien-\u00eatre et ateliers pour pros : rencontres, techniques relaxantes et animations pour am\u00e9liorer la coh\u00e9sion et le bien-\u00eatre en entreprise.","robots":{"index":"index","follow":"follow","max-snippet":"max-snippet:-1","max-image-preview":"max-image-preview:large","max-video-preview":"max-video-preview:-1"},"canonical":"https:\/\/lereconnect.com\/index.php\/evenements\/","og_locale":"fr_FR","og_type":"article","og_title":"\u00c9v\u00e9nements - Le Reconnect - Votre espace soin et sant\u00e9 sur Gardanne","og_description":"Offres d\u2019\u00e9v\u00e9nements bien-\u00eatre et ateliers pour pros : rencontres, techniques relaxantes et animations pour am\u00e9liorer la coh\u00e9sion et le bien-\u00eatre en entreprise.","og_url":"https:\/\/lereconnect.com\/index.php\/evenements\/","og_site_name":"Le Reconnect - Votre espace soin et sant\u00e9 sur Gardanne","article_modified_time":"2025-12-11T13:12:03+00:00","twitter_card":"summary_large_image","twitter_misc":{"Dur\u00e9e de lecture estim\u00e9e":"1 minute"},"schema":{"@context":"https:\/\/schema.org","@graph":[{"@type":"WebPage","@id":"https:\/\/lereconnect.com\/index.php\/evenements\/","url":"https:\/\/lereconnect.com\/index.php\/evenements\/","name":"\u00c9v\u00e9nements - Le Reconnect - Votre espace soin et sant\u00e9 sur Gardanne","isPartOf":{"@id":"https:\/\/lereconnect.com\/#website"},"datePublished":"2025-10-17T08:13:47+00:00","dateModified":"2025-12-11T13:12:03+00:00","description":"Offres d\u2019\u00e9v\u00e9nements bien-\u00eatre et ateliers pour pros : rencontres, techniques relaxantes et animations pour am\u00e9liorer la coh\u00e9sion et le bien-\u00eatre en entreprise.","breadcrumb":{"@id":"https:\/\/lereconnect.com\/index.php\/evenements\/#breadcrumb"},"inLanguage":"fr-FR","potentialAction":[{"@type":"ReadAction","target":["https:\/\/lereconnect.com\/index.php\/evenements\/"]}]},{"@type":"BreadcrumbList","@id":"https:\/\/lereconnect.com\/index.php\/evenements\/#breadcrumb","itemListElement":[{"@type":"ListItem","position":1,"name":"Accueil","item":"https:\/\/lereconnect.com\/"},{"@type":"ListItem","position":2,"name":"\u00c9v\u00e9nements"}]},{"@type":"WebSite","@id":"https:\/\/lereconnect.com\/#website","url":"https:\/\/lereconnect.com\/","name":"Le Reconnect - Espace bien \u00eatre et sant\u00e9 \u00e0 Gardannes","description":"Centre sant\u00e9 et bien \u00eatre en entreprise","publisher":{"@id":"https:\/\/lereconnect.com\/#organization"},"potentialAction":[{"@type":"SearchAction","target":{"@type":"EntryPoint","urlTemplate":"https:\/\/lereconnect.com\/?s={search_term_string}"},"query-input":{"@type":"PropertyValueSpecification","valueRequired":true,"valueName":"search_term_string"}}],"inLanguage":"fr-FR"},{"@type":"Organization","@id":"https:\/\/lereconnect.com\/#organization","name":"Le reconnect","url":"https:\/\/lereconnect.com\/","logo":{"@type":"ImageObject","inLanguage":"fr-FR","@id":"https:\/\/lereconnect.com\/#\/schema\/logo\/image\/","url":"https:\/\/lereconnect.com\/wp-content\/uploads\/2025\/09\/lereconnect.png","contentUrl":"https:\/\/lereconnect.com\/wp-content\/uploads\/2025\/09\/lereconnect.png","width":360,"height":150,"caption":"Le reconnect"},"image":{"@id":"https:\/\/lereconnect.com\/#\/schema\/logo\/image\/"}}]}},"_links":{"self":[{"href":"https:\/\/lereconnect.com\/index.php\/wp-json\/wp\/v2\/pages\/376","targetHints":{"allow":["GET"]}}],"collection":[{"href":"https:\/\/lereconnect.com\/index.php\/wp-json\/wp\/v2\/pages"}],"about":[{"href":"https:\/\/lereconnect.com\/index.php\/wp-json\/wp\/v2\/types\/page"}],"author":[{"embeddable":true,"href":"https:\/\/lereconnect.com\/index.php\/wp-json\/wp\/v2\/users\/2"}],"replies":[{"embeddable":true,"href":"https:\/\/lereconnect.com\/index.php\/wp-json\/wp\/v2\/comments?post=376"}],"version-history":[{"count":20,"href":"https:\/\/lereconnect.com\/index.php\/wp-json\/wp\/v2\/pages\/376\/revisions"}],"predecessor-version":[{"id":670,"href":"https:\/\/lereconnect.com\/index.php\/wp-json\/wp\/v2\/pages\/376\/revisions\/670"}],"wp:attachment":[{"href":"https:\/\/lereconnect.com\/index.php\/wp-json\/wp\/v2\/media?parent=376"}],"curies":[{"name":"wp","href":"https:\/\/api.w.org\/{rel}","templated":true}]}}