{"id":596,"date":"2025-12-10T16:16:07","date_gmt":"2025-12-10T16:16:07","guid":{"rendered":"https:\/\/lereconnect.com\/?page_id=596"},"modified":"2025-12-12T15:31:56","modified_gmt":"2025-12-12T14:31:56","slug":"reservation","status":"publish","type":"page","link":"https:\/\/lereconnect.com\/index.php\/reservation\/","title":{"rendered":"R\u00e9servation"},"content":{"rendered":"\t\t<div data-elementor-type=\"wp-page\" data-elementor-id=\"596\" class=\"elementor elementor-596\" data-elementor-post-type=\"page\">\n\t\t\t\t<div class=\"elementor-element elementor-element-74e0136c e-flex e-con-boxed e-con e-parent\" data-id=\"74e0136c\" data-element_type=\"container\" data-settings=\"{&quot;background_background&quot;:&quot;classic&quot;}\">\n\t\t\t\t\t<div class=\"e-con-inner\">\n\t\t\t\t<div class=\"elementor-element elementor-element-72c2faac elementor-widget elementor-widget-heading\" data-id=\"72c2faac\" data-element_type=\"widget\" data-widget_type=\"heading.default\">\n\t\t\t\t\t<h2 class=\"elementor-heading-title elementor-size-default\">R\u00e9servation<\/h2>\t\t\t\t<\/div>\n\t\t\t\t\t<\/div>\n\t\t\t\t<\/div>\n\t\t<div class=\"elementor-element elementor-element-5a82408 e-flex e-con-boxed elementor-invisible e-con e-parent\" data-id=\"5a82408\" data-element_type=\"container\" data-settings=\"{&quot;background_background&quot;:&quot;classic&quot;,&quot;animation&quot;:&quot;fadeIn&quot;}\">\n\t\t\t\t\t<div class=\"e-con-inner\">\n\t\t\t\t<div class=\"elementor-element elementor-element-ade2d9a elementor-widget elementor-widget-stepbooking\" data-id=\"ade2d9a\" data-element_type=\"widget\" data-widget_type=\"stepbooking.default\">\n\t\t\t\t<div class=\"elementor-widget-container\">\n\t\t\t\t\t\n<script>\n  if (typeof hasAmeliaEntitiesApiCall === 'undefined' && ('' === '' && '' !== '1')) {\n    var hasAmeliaEntitiesApiCall = true;\n  }\n  var ameliaShortcodeData = (typeof ameliaShortcodeData === 'undefined') ? [] : ameliaShortcodeData;\n  ameliaShortcodeData.push(\n    {\n      'hasApiCall': (typeof hasAmeliaEntitiesApiCall !== 'undefined') && hasAmeliaEntitiesApiCall,\n      'trigger': '',\n      'trigger_type': '',\n      'triggered_form': 'sbsNew',\n      'in_dialog': '',\n      'show': '',\n      'counter': '1000',\n      'category': '',\n      'service': '',\n      'employee': '',\n      'location': '',\n      'package': '',\n      'layout': '2',\n    }\n  );\n\n  var ameliaShortcodeDataTriggered = (typeof ameliaShortcodeDataTriggered === 'undefined') ? [] : ameliaShortcodeDataTriggered;\n  if (ameliaShortcodeData[ameliaShortcodeData.length - 1].trigger !== '') {\n    if (ameliaShortcodeDataTriggered.filter(a => a.counter === ameliaShortcodeData[ameliaShortcodeData.length - 1].counter).length === 0) {\n      ameliaShortcodeDataTriggered.push(ameliaShortcodeData.pop());\n    } else {\n      ameliaShortcodeData.pop()\n    }\n  }\n  if (typeof hasAmeliaEntitiesApiCall !== 'undefined' && hasAmeliaEntitiesApiCall) {\n    hasAmeliaEntitiesApiCall = false;\n  }\n<\/script>\n\n<div\n  id=\"amelia-v2-booking-1000\"\n  class=\"amelia-v2-booking\"\n >\n    <step-form-wrapper><\/step-form-wrapper><\/div>\n\t\t\t\t<\/div>\n\t\t\t\t<\/div>\n\t\t\t\t\t<\/div>\n\t\t\t\t<\/div>\n\t\t<div class=\"elementor-element elementor-element-6c47cc8 e-flex e-con-boxed e-con e-parent\" data-id=\"6c47cc8\" data-element_type=\"container\" data-settings=\"{&quot;background_background&quot;:&quot;classic&quot;}\">\n\t\t\t\t\t<div class=\"e-con-inner\">\n\t\t\t\t<div class=\"elementor-element elementor-element-4ac548be elementor-widget elementor-widget-google_maps\" data-id=\"4ac548be\" data-element_type=\"widget\" data-widget_type=\"google_maps.default\">\n\t\t\t\t\t\t\t<div class=\"elementor-custom-embed\">\n\t\t\t<iframe loading=\"lazy\"\n\t\t\t\t\tsrc=\"https:\/\/maps.google.com\/maps?q=238%20rue%20Ensouleiado%2013120%20Gardanne&#038;t=m&#038;z=10&#038;output=embed&#038;iwloc=near\"\n\t\t\t\t\ttitle=\"238 rue Ensouleiado 13120 Gardanne\"\n\t\t\t\t\taria-label=\"238 rue Ensouleiado 13120 Gardanne\"\n\t\t\t><\/iframe>\n\t\t<\/div>\n\t\t\t\t\t\t<\/div>\n\t\t\t\t\t<\/div>\n\t\t\t\t<\/div>\n\t\t\t\t<\/div>\n\t\t","protected":false},"excerpt":{"rendered":"<p>R\u00e9servation<\/p>\n","protected":false},"author":1,"featured_media":0,"parent":0,"menu_order":0,"comment_status":"closed","ping_status":"closed","template":"elementor_header_footer","meta":{"footnotes":""},"class_list":["post-596","page","type-page","status-publish","hentry"],"yoast_head":"<!-- This site is optimized with the Yoast SEO plugin v26.7 - https:\/\/yoast.com\/wordpress\/plugins\/seo\/ -->\n<title>R\u00e9servation - Le Reconnect - Votre espace soin et sant\u00e9 sur Gardanne<\/title>\n<meta name=\"description\" content=\"R\u00e9servez d\u00e8s maintenant votre soin, atelier ou formation bien-\u00eatre avec Le Reconnect. Choisissez la prestation ou le soin qui vous convient.\" \/>\n<meta name=\"robots\" content=\"index, follow, max-snippet:-1, max-image-preview:large, max-video-preview:-1\" \/>\n<link rel=\"canonical\" href=\"https:\/\/lereconnect.com\/index.php\/reservation\/\" \/>\n<meta property=\"og:locale\" content=\"fr_FR\" \/>\n<meta property=\"og:type\" content=\"article\" \/>\n<meta property=\"og:title\" content=\"R\u00e9servation - Le Reconnect - Votre espace soin et sant\u00e9 sur Gardanne\" \/>\n<meta property=\"og:description\" content=\"R\u00e9servez d\u00e8s maintenant votre soin, atelier ou formation bien-\u00eatre avec Le Reconnect. Choisissez la prestation ou le soin qui vous convient.\" \/>\n<meta property=\"og:url\" content=\"https:\/\/lereconnect.com\/index.php\/reservation\/\" \/>\n<meta property=\"og:site_name\" content=\"Le Reconnect - Votre espace soin et sant\u00e9 sur Gardanne\" \/>\n<meta property=\"article:modified_time\" content=\"2025-12-12T14:31:56+00:00\" \/>\n<meta name=\"twitter:card\" content=\"summary_large_image\" \/>\n<meta name=\"twitter:label1\" content=\"Dur\u00e9e de lecture estim\u00e9e\" \/>\n\t<meta name=\"twitter:data1\" content=\"1 minute\" \/>\n<script type=\"application\/ld+json\" class=\"yoast-schema-graph\">{\"@context\":\"https:\/\/schema.org\",\"@graph\":[{\"@type\":\"WebPage\",\"@id\":\"https:\/\/lereconnect.com\/index.php\/reservation\/\",\"url\":\"https:\/\/lereconnect.com\/index.php\/reservation\/\",\"name\":\"R\u00e9servation - Le Reconnect - Votre espace soin et sant\u00e9 sur Gardanne\",\"isPartOf\":{\"@id\":\"https:\/\/lereconnect.com\/#website\"},\"datePublished\":\"2025-12-10T16:16:07+00:00\",\"dateModified\":\"2025-12-12T14:31:56+00:00\",\"description\":\"R\u00e9servez d\u00e8s maintenant votre soin, atelier ou formation bien-\u00eatre avec Le Reconnect. Choisissez la prestation ou le soin qui vous convient.\",\"breadcrumb\":{\"@id\":\"https:\/\/lereconnect.com\/index.php\/reservation\/#breadcrumb\"},\"inLanguage\":\"fr-FR\",\"potentialAction\":[{\"@type\":\"ReadAction\",\"target\":[\"https:\/\/lereconnect.com\/index.php\/reservation\/\"]}]},{\"@type\":\"BreadcrumbList\",\"@id\":\"https:\/\/lereconnect.com\/index.php\/reservation\/#breadcrumb\",\"itemListElement\":[{\"@type\":\"ListItem\",\"position\":1,\"name\":\"Accueil\",\"item\":\"https:\/\/lereconnect.com\/\"},{\"@type\":\"ListItem\",\"position\":2,\"name\":\"R\u00e9servation\"}]},{\"@type\":\"WebSite\",\"@id\":\"https:\/\/lereconnect.com\/#website\",\"url\":\"https:\/\/lereconnect.com\/\",\"name\":\"Le Reconnect - Espace bien \u00eatre et sant\u00e9 \u00e0 Gardannes\",\"description\":\"Centre sant\u00e9 et bien \u00eatre en entreprise\",\"publisher\":{\"@id\":\"https:\/\/lereconnect.com\/#organization\"},\"potentialAction\":[{\"@type\":\"SearchAction\",\"target\":{\"@type\":\"EntryPoint\",\"urlTemplate\":\"https:\/\/lereconnect.com\/?s={search_term_string}\"},\"query-input\":{\"@type\":\"PropertyValueSpecification\",\"valueRequired\":true,\"valueName\":\"search_term_string\"}}],\"inLanguage\":\"fr-FR\"},{\"@type\":\"Organization\",\"@id\":\"https:\/\/lereconnect.com\/#organization\",\"name\":\"Le reconnect\",\"url\":\"https:\/\/lereconnect.com\/\",\"logo\":{\"@type\":\"ImageObject\",\"inLanguage\":\"fr-FR\",\"@id\":\"https:\/\/lereconnect.com\/#\/schema\/logo\/image\/\",\"url\":\"https:\/\/lereconnect.com\/wp-content\/uploads\/2025\/09\/lereconnect.png\",\"contentUrl\":\"https:\/\/lereconnect.com\/wp-content\/uploads\/2025\/09\/lereconnect.png\",\"width\":360,\"height\":150,\"caption\":\"Le reconnect\"},\"image\":{\"@id\":\"https:\/\/lereconnect.com\/#\/schema\/logo\/image\/\"}}]}<\/script>\n<!-- \/ Yoast SEO plugin. -->","yoast_head_json":{"title":"R\u00e9servation - Le Reconnect - Votre espace soin et sant\u00e9 sur Gardanne","description":"R\u00e9servez d\u00e8s maintenant votre soin, atelier ou formation bien-\u00eatre avec Le Reconnect. Choisissez la prestation ou le soin qui vous convient.","robots":{"index":"index","follow":"follow","max-snippet":"max-snippet:-1","max-image-preview":"max-image-preview:large","max-video-preview":"max-video-preview:-1"},"canonical":"https:\/\/lereconnect.com\/index.php\/reservation\/","og_locale":"fr_FR","og_type":"article","og_title":"R\u00e9servation - Le Reconnect - Votre espace soin et sant\u00e9 sur Gardanne","og_description":"R\u00e9servez d\u00e8s maintenant votre soin, atelier ou formation bien-\u00eatre avec Le Reconnect. Choisissez la prestation ou le soin qui vous convient.","og_url":"https:\/\/lereconnect.com\/index.php\/reservation\/","og_site_name":"Le Reconnect - Votre espace soin et sant\u00e9 sur Gardanne","article_modified_time":"2025-12-12T14:31:56+00:00","twitter_card":"summary_large_image","twitter_misc":{"Dur\u00e9e de lecture estim\u00e9e":"1 minute"},"schema":{"@context":"https:\/\/schema.org","@graph":[{"@type":"WebPage","@id":"https:\/\/lereconnect.com\/index.php\/reservation\/","url":"https:\/\/lereconnect.com\/index.php\/reservation\/","name":"R\u00e9servation - Le Reconnect - Votre espace soin et sant\u00e9 sur Gardanne","isPartOf":{"@id":"https:\/\/lereconnect.com\/#website"},"datePublished":"2025-12-10T16:16:07+00:00","dateModified":"2025-12-12T14:31:56+00:00","description":"R\u00e9servez d\u00e8s maintenant votre soin, atelier ou formation bien-\u00eatre avec Le Reconnect. Choisissez la prestation ou le soin qui vous convient.","breadcrumb":{"@id":"https:\/\/lereconnect.com\/index.php\/reservation\/#breadcrumb"},"inLanguage":"fr-FR","potentialAction":[{"@type":"ReadAction","target":["https:\/\/lereconnect.com\/index.php\/reservation\/"]}]},{"@type":"BreadcrumbList","@id":"https:\/\/lereconnect.com\/index.php\/reservation\/#breadcrumb","itemListElement":[{"@type":"ListItem","position":1,"name":"Accueil","item":"https:\/\/lereconnect.com\/"},{"@type":"ListItem","position":2,"name":"R\u00e9servation"}]},{"@type":"WebSite","@id":"https:\/\/lereconnect.com\/#website","url":"https:\/\/lereconnect.com\/","name":"Le Reconnect - Espace bien \u00eatre et sant\u00e9 \u00e0 Gardannes","description":"Centre sant\u00e9 et bien \u00eatre en entreprise","publisher":{"@id":"https:\/\/lereconnect.com\/#organization"},"potentialAction":[{"@type":"SearchAction","target":{"@type":"EntryPoint","urlTemplate":"https:\/\/lereconnect.com\/?s={search_term_string}"},"query-input":{"@type":"PropertyValueSpecification","valueRequired":true,"valueName":"search_term_string"}}],"inLanguage":"fr-FR"},{"@type":"Organization","@id":"https:\/\/lereconnect.com\/#organization","name":"Le reconnect","url":"https:\/\/lereconnect.com\/","logo":{"@type":"ImageObject","inLanguage":"fr-FR","@id":"https:\/\/lereconnect.com\/#\/schema\/logo\/image\/","url":"https:\/\/lereconnect.com\/wp-content\/uploads\/2025\/09\/lereconnect.png","contentUrl":"https:\/\/lereconnect.com\/wp-content\/uploads\/2025\/09\/lereconnect.png","width":360,"height":150,"caption":"Le reconnect"},"image":{"@id":"https:\/\/lereconnect.com\/#\/schema\/logo\/image\/"}}]}},"_links":{"self":[{"href":"https:\/\/lereconnect.com\/index.php\/wp-json\/wp\/v2\/pages\/596","targetHints":{"allow":["GET"]}}],"collection":[{"href":"https:\/\/lereconnect.com\/index.php\/wp-json\/wp\/v2\/pages"}],"about":[{"href":"https:\/\/lereconnect.com\/index.php\/wp-json\/wp\/v2\/types\/page"}],"author":[{"embeddable":true,"href":"https:\/\/lereconnect.com\/index.php\/wp-json\/wp\/v2\/users\/1"}],"replies":[{"embeddable":true,"href":"https:\/\/lereconnect.com\/index.php\/wp-json\/wp\/v2\/comments?post=596"}],"version-history":[{"count":22,"href":"https:\/\/lereconnect.com\/index.php\/wp-json\/wp\/v2\/pages\/596\/revisions"}],"predecessor-version":[{"id":679,"href":"https:\/\/lereconnect.com\/index.php\/wp-json\/wp\/v2\/pages\/596\/revisions\/679"}],"wp:attachment":[{"href":"https:\/\/lereconnect.com\/index.php\/wp-json\/wp\/v2\/media?parent=596"}],"curies":[{"name":"wp","href":"https:\/\/api.w.org\/{rel}","templated":true}]}}